{"id":1041,"date":"2023-10-19T18:14:19","date_gmt":"2023-10-20T00:14:19","guid":{"rendered":"https:\/\/matehuala.tecnm.mx\/?page_id=1041"},"modified":"2023-10-19T18:15:36","modified_gmt":"2023-10-20T00:15:36","slug":"b59-2023-egresan-profesionistas-del-tecnologico-nacional-de-mexico-campus-matehuala","status":"publish","type":"page","link":"https:\/\/matehuala.tecnm.mx\/?page_id=1041","title":{"rendered":"B59-2023 Egresan profesionistas del Tecnol\u00f3gico Nacional de M\u00e9xico Campus Matehuala."},"content":{"rendered":"\n\n\t\t\t\t<img loading=\"lazy\" decoding=\"async\" src=\"https:\/\/matehuala.tecnm.mx\/wp-content\/uploads\/2023\/10\/Copia-de-IMG_8601-2-scaled.jpg\" alt=\"Copia de IMG_8601 2\" itemprop=\"image\" height=\"1707\" width=\"2560\" title=\"Copia de IMG_8601 2\" onerror=\"this.style.display='none'\"  \/>\n\t\t\t\t<img loading=\"lazy\" decoding=\"async\" src=\"https:\/\/matehuala.tecnm.mx\/wp-content\/uploads\/2023\/10\/Copia-de-IMG_8356-scaled.jpg\" alt=\"Copia de IMG_8356\" itemprop=\"image\" height=\"1707\" width=\"2560\" title=\"Copia de IMG_8356\" onerror=\"this.style.display='none'\"  \/>\n\t\t\t\t<img loading=\"lazy\" decoding=\"async\" src=\"https:\/\/matehuala.tecnm.mx\/wp-content\/uploads\/2023\/10\/Copia-de-IMG_8566-scaled.jpg\" alt=\"Copia de IMG_8566\" itemprop=\"image\" height=\"1707\" width=\"2560\" title=\"Copia de IMG_8566\" onerror=\"this.style.display='none'\"  \/>\n\t\t\t\t<img loading=\"lazy\" decoding=\"async\" src=\"https:\/\/matehuala.tecnm.mx\/wp-content\/uploads\/2023\/10\/Copia-de-IMG_8679-scaled.jpg\" alt=\"Copia de IMG_8679\" itemprop=\"image\" height=\"1707\" width=\"2560\" title=\"Copia de IMG_8679\" onerror=\"this.style.display='none'\"  \/>\n\t\t\t\t<img loading=\"lazy\" decoding=\"async\" src=\"https:\/\/matehuala.tecnm.mx\/wp-content\/uploads\/2023\/10\/Copia-de-IMG_8674-scaled.jpg\" alt=\"Copia de IMG_8674\" itemprop=\"image\" height=\"1707\" width=\"2560\" title=\"Copia de IMG_8674\" onerror=\"this.style.display='none'\"  \/>\n\t\t\t\t<img loading=\"lazy\" decoding=\"async\" src=\"https:\/\/matehuala.tecnm.mx\/wp-content\/uploads\/2023\/10\/Copia-de-IMG_8656-scaled.jpg\" alt=\"Copia de IMG_8656\" itemprop=\"image\" height=\"1707\" width=\"2560\" title=\"Copia de IMG_8656\" onerror=\"this.style.display='none'\"  \/>\n\t\t\t\t<img loading=\"lazy\" decoding=\"async\" src=\"https:\/\/matehuala.tecnm.mx\/wp-content\/uploads\/2023\/10\/Copia-de-IMG_8684-scaled.jpg\" alt=\"Copia de IMG_8684\" itemprop=\"image\" height=\"1707\" width=\"2560\" title=\"Copia de IMG_8684\" onerror=\"this.style.display='none'\"  \/>\n\t<p>13 de Octubre<\/p>\n<p>BOLET\u00cdN 59-2023, Egresan profesionistas del Tecnol\u00f3gico Nacional de M\u00e9xico Campus Matehuala.<\/p>\n<p>Ante la presencia de autoridades en el \u00e1mbito educativo, el Tecnol\u00f3gico Nacional de M\u00e9xico (TecNM) Campus Matehuala realiz\u00f3 la Ceremonia de Graduaci\u00f3n, Generaci\u00f3n 2018-2023.<\/p>\n<p>En esta ceremonia egresaron un total de 233 nuevos profesionistas preparados para contribuir al desarrollo del estado, del pa\u00eds y del mundo, de las carreras de Ingenier\u00eda en Gesti\u00f3n Empresarial, Ingenier\u00eda en Sistemas Computacionales, Ingenier\u00eda Civil, Ingenier\u00eda Industrial y Contador P\u00fablico.<\/p>\n<p>El presidium estuvo integrado por Lic. Ra\u00fal Ortega Rodr\u00edguez Secretario General del H. Ayuntamiento de Matehuala, S. L. P., Profesora Mar\u00eda Clara Quiroz Villanueva, del Sistema Educativo del Estado (SEER), C. Mar\u00eda Esperanza Romero Lozoya, Vicepresidenta de Educaci\u00f3n Y Vinculaci\u00f3n de Coparmex Matehuala, Lic. Rom\u00e1n Cruz Arriaga Subdirector De Planeaci\u00f3n Y Vinculaci\u00f3n De Nuestra Instituci\u00f3n, Lic. Juan Carlos D\u00edaz de Le\u00f3n Subdirector Acad\u00e9mico de nuestro plantel, Lic. Hammurabi Hern\u00e1ndez Gonz\u00e1lez, Secretario General de la Delegaci\u00f3n Sindical D-V-89, Secci\u00f3n 61 del S. N. T. E., Estudiante C\u00e9sar Estrada Coronado, Presidente del Comit\u00e9 Ejecutivo de la Sociedad de Alumnos y nuestro anfitri\u00f3n Dr. Jos\u00e9 Luis Lorenzo Bernal Robledo, Director del Tecnol\u00f3gico Nacional de M\u00e9xico Campus Instituto Tecnol\u00f3gico de Matehuala.<\/p>\n<p>Los honores de ordenanza a nuestra bandera nacional estuvieron bajo la direcci\u00f3n de la banda de guerra de nuestra instituci\u00f3n, y la escolta del centro educativo de formaci\u00f3n integral, escuela militarizada.<\/p>\n<p>Jos\u00e9 Luis Lorenzo Bernal Robledo, Director del TecNM Campus Matehuala, emiti\u00f3 un mensaje a los egresados, a quienes felicit\u00f3 por concluir esta etapa importante en sus vidas y los exhort\u00f3 a seguirse preparando tanto en lo acad\u00e9mico como en lo personal.<\/p>\n<p>Con una trayectoria ejemplar se entreg\u00f3 reconocimientos a Jos\u00e9 Refugio Rivera Mendoza acreedor a menci\u00f3n honor\u00edfica, mejor promedio de su carrera y adem\u00e1s, mejor promedio de toda la generaci\u00f3n 2018 &#8211; 2023, de la carrera de Ingenier\u00eda en Sistemas Computacionales, con un promedio de 96.63 demostrando as\u00ed su excelencia acad\u00e9mica.<\/p>\n<p>Mejores promedios por carrera:<\/p>\n<p>Coronado Garc\u00eda Alma Michell, con un Promedio de 95.73 de la Ingenier\u00eda en Gesti\u00f3n Empresarial.<\/p>\n<p>Galaviz Morales Magali de la Paz, con un Promedio de 95.64 de la Carrera de Ingenier\u00eda Industrial.<\/p>\n<p>Hern\u00e1ndez de la Rosa Gloria Alejandra con un Promedio de 94.98 de la Carrera de Contador P\u00fablico.<\/p>\n<p>Alvarado Torres Victor Manuel con un Promedio de 89.79 de la Carrera de Ingenier\u00eda Civil.<\/p>\n<p>Menci\u00f3n Honor\u00edfica :<\/p>\n<p>Ingenier\u00eda en Gesti\u00f3n Empresarial<\/p>\n<p>Coronado Garc\u00eda Alma Michell con un Promedio de 95.73<\/p>\n<p>G\u00f3mez Gallegos Jazm\u00edn Alicia con un Promedio de 95.65 Ingenier\u00eda Industrial<\/p>\n<p>Galaviz Morales Magali de la Paz con un Promedio de 95.64<\/p>\n<p>Garc\u00eda Cruz Jennifer con un Promedio de 95.57<\/p>\n<p>En hora buena a todos nuestro egresados <a tabindex=\"0\" role=\"link\" href=\"https:\/\/www.facebook.com\/hashtag\/todossomostecnm?__eep__=6\">#TodosSomosTecNM<\/a><\/p>\n\n","protected":false},"excerpt":{"rendered":"<p>13 de Octubre BOLET\u00cdN 59-2023, Egresan profesionistas del Tecnol\u00f3gico Nacional de M\u00e9xico Campus Matehuala. Ante la presencia de autoridades en el \u00e1mbito educativo, el Tecnol\u00f3gico Nacional de M\u00e9xico (TecNM) Campus [&hellip;]<\/p>\n","protected":false},"author":4,"featured_media":0,"parent":0,"menu_order":0,"comment_status":"closed","ping_status":"closed","template":"","meta":{"footnotes":""},"class_list":["post-1041","page","type-page","status-publish","hentry"],"_links":{"self":[{"href":"https:\/\/matehuala.tecnm.mx\/index.php?rest_route=\/wp\/v2\/pages\/1041","targetHints":{"allow":["GET"]}}],"collection":[{"href":"https:\/\/matehuala.tecnm.mx\/index.php?rest_route=\/wp\/v2\/pages"}],"about":[{"href":"https:\/\/matehuala.tecnm.mx\/index.php?rest_route=\/wp\/v2\/types\/page"}],"author":[{"embeddable":true,"href":"https:\/\/matehuala.tecnm.mx\/index.php?rest_route=\/wp\/v2\/users\/4"}],"replies":[{"embeddable":true,"href":"https:\/\/matehuala.tecnm.mx\/index.php?rest_route=%2Fwp%2Fv2%2Fcomments&post=1041"}],"version-history":[{"count":4,"href":"https:\/\/matehuala.tecnm.mx\/index.php?rest_route=\/wp\/v2\/pages\/1041\/revisions"}],"predecessor-version":[{"id":1058,"href":"https:\/\/matehuala.tecnm.mx\/index.php?rest_route=\/wp\/v2\/pages\/1041\/revisions\/1058"}],"wp:attachment":[{"href":"https:\/\/matehuala.tecnm.mx\/index.php?rest_route=%2Fwp%2Fv2%2Fmedia&parent=1041"}],"curies":[{"name":"wp","href":"https:\/\/api.w.org\/{rel}","templated":true}]}}