{"id":1105,"date":"2023-11-14T13:26:10","date_gmt":"2023-11-14T19:26:10","guid":{"rendered":"https:\/\/matehuala.tecnm.mx\/?page_id=1105"},"modified":"2023-11-14T13:26:10","modified_gmt":"2023-11-14T19:26:10","slug":"b68-2023-exhibicion-de-bandas-de-guerra","status":"publish","type":"page","link":"https:\/\/matehuala.tecnm.mx\/?page_id=1105","title":{"rendered":"B68-2023 EXHIBICI\u00d3N DE BANDAS DE GUERRA"},"content":{"rendered":"\n\n\t\t\t\t<img loading=\"lazy\" decoding=\"async\" src=\"https:\/\/matehuala.tecnm.mx\/wp-content\/uploads\/2023\/11\/Copia-de-IMG_8054-scaled.jpg\" alt=\"Copia de IMG_8054\" itemprop=\"image\" height=\"1707\" width=\"2560\" title=\"Copia de IMG_8054\" onerror=\"this.style.display='none'\"  \/>\n\t\t\t\t<img loading=\"lazy\" decoding=\"async\" src=\"https:\/\/matehuala.tecnm.mx\/wp-content\/uploads\/2023\/11\/Copia-de-IMG_8089-scaled.jpg\" alt=\"Copia de IMG_8089\" itemprop=\"image\" height=\"1232\" width=\"2560\" title=\"Copia de IMG_8089\" onerror=\"this.style.display='none'\"  \/>\n\t\t\t\t<img loading=\"lazy\" decoding=\"async\" src=\"https:\/\/matehuala.tecnm.mx\/wp-content\/uploads\/2023\/11\/Copia-de-IMG_8101-scaled.jpg\" alt=\"Copia de IMG_8101\" itemprop=\"image\" height=\"2013\" width=\"2560\" title=\"Copia de IMG_8101\" onerror=\"this.style.display='none'\"  \/>\n\t\t\t\t<img loading=\"lazy\" decoding=\"async\" src=\"https:\/\/matehuala.tecnm.mx\/wp-content\/uploads\/2023\/11\/Copia-de-IMG_8116-scaled.jpg\" alt=\"Copia de IMG_8116\" itemprop=\"image\" height=\"2185\" width=\"2560\" title=\"Copia de IMG_8116\" onerror=\"this.style.display='none'\"  \/>\n\t\t\t\t<img loading=\"lazy\" decoding=\"async\" src=\"https:\/\/matehuala.tecnm.mx\/wp-content\/uploads\/2023\/11\/Copia-de-IMG_8133-scaled.jpg\" alt=\"Copia de IMG_8133\" itemprop=\"image\" height=\"1707\" width=\"2560\" title=\"Copia de IMG_8133\" onerror=\"this.style.display='none'\"  \/>\n\t<p>10 de Noviembre BOLET\u00cdN 68-2023<\/p>\n<p>Exhibici\u00f3n de Bandas de Guerra, Edici\u00f3n 2023 del Tecnol\u00f3gico Nacional de M\u00e9xico Campus Matehuala.<\/p>\n<p>Se llev\u00f3 a cabo la primer Exhibici\u00f3n de Bandas de Guerra con el objetivo de promover la participaci\u00f3n de las y los estudiantes, acrecentando la cultura c\u00edvica y el respeto a nuestros s\u00edmbolos patrios para impulsar el fortalecimiento de nuestra ra\u00edces y el amor a M\u00e9xico.<\/p>\n<p>Con gran entusiasmo participaron las siguientes escuelas:<\/p>\n<p>Escuela Primaria David G. Berlanga.<\/p>\n<p>Escuela Secundaria \u00c1ngel Veral.<\/p>\n<p>Escuela Secundaria General Flavio C Sifuentes Medina.<\/p>\n<p>Centro Educativo de Formaci\u00f3n Integral &#8220;Escuela Militarizada&#8221;.<\/p>\n<p>Pentathl\u00f3n Deportivo Militarizado Universitario Sub zona Matehuala.<\/p>\n<p>Centro de Estudios de Bachillerato 5\/11 &#8220;Profr. Lorenzo Coronado Bouley&#8221; de Cedral.<\/p>\n<p>Escuela Normal Experimental &#8220;Normalismo Mexicano&#8221;.<\/p>\n<p>Y el anfitri\u00f3n del evento Tecnol\u00f3gico Nacional de M\u00e9xico Campus Matehuala.<\/p>\n\n","protected":false},"excerpt":{"rendered":"<p>10 de Noviembre BOLET\u00cdN 68-2023 Exhibici\u00f3n de Bandas de Guerra, Edici\u00f3n 2023 del Tecnol\u00f3gico Nacional de M\u00e9xico Campus Matehuala. Se llev\u00f3 a cabo la primer Exhibici\u00f3n de Bandas de Guerra [&hellip;]<\/p>\n","protected":false},"author":4,"featured_media":0,"parent":0,"menu_order":0,"comment_status":"closed","ping_status":"closed","template":"","meta":{"footnotes":""},"class_list":["post-1105","page","type-page","status-publish","hentry"],"_links":{"self":[{"href":"https:\/\/matehuala.tecnm.mx\/index.php?rest_route=\/wp\/v2\/pages\/1105","targetHints":{"allow":["GET"]}}],"collection":[{"href":"https:\/\/matehuala.tecnm.mx\/index.php?rest_route=\/wp\/v2\/pages"}],"about":[{"href":"https:\/\/matehuala.tecnm.mx\/index.php?rest_route=\/wp\/v2\/types\/page"}],"author":[{"embeddable":true,"href":"https:\/\/matehuala.tecnm.mx\/index.php?rest_route=\/wp\/v2\/users\/4"}],"replies":[{"embeddable":true,"href":"https:\/\/matehuala.tecnm.mx\/index.php?rest_route=%2Fwp%2Fv2%2Fcomments&post=1105"}],"version-history":[{"count":2,"href":"https:\/\/matehuala.tecnm.mx\/index.php?rest_route=\/wp\/v2\/pages\/1105\/revisions"}],"predecessor-version":[{"id":1116,"href":"https:\/\/matehuala.tecnm.mx\/index.php?rest_route=\/wp\/v2\/pages\/1105\/revisions\/1116"}],"wp:attachment":[{"href":"https:\/\/matehuala.tecnm.mx\/index.php?rest_route=%2Fwp%2Fv2%2Fmedia&parent=1105"}],"curies":[{"name":"wp","href":"https:\/\/api.w.org\/{rel}","templated":true}]}}