{"id":1250,"date":"2024-01-22T13:10:54","date_gmt":"2024-01-22T19:10:54","guid":{"rendered":"https:\/\/matehuala.tecnm.mx\/?page_id=1250"},"modified":"2024-01-22T13:17:30","modified_gmt":"2024-01-22T19:17:30","slug":"capacitacion-al-personal-directivo-enero-11-2024","status":"publish","type":"page","link":"https:\/\/matehuala.tecnm.mx\/?page_id=1250","title":{"rendered":"BOLET\u00cdN 02-2024 CAPACITACI\u00d3N AL PERSONAL DIRECTIVO."},"content":{"rendered":"\n\n\t\t\t\t<img loading=\"lazy\" decoding=\"async\" src=\"https:\/\/matehuala.tecnm.mx\/wp-content\/uploads\/2024\/01\/IMG_1470-scaled.jpg\" alt=\"IMG_1470\" itemprop=\"image\" height=\"1707\" width=\"2560\" title=\"IMG_1470\" onerror=\"this.style.display='none'\"  \/>\n\t<p>Enero 11-2024 Con la certeza de que esta actividad contribuir\u00e1 al desarrollo personal y laboral del cuerpo directivo del TecNM Campus Matehuala, el d\u00eda de hoy dio inicio el curso &#8211; taller: &#8220;COMPETENCIAS PARA EL LIDERAZGO&#8221;, impartido por Jos\u00e9 Luis Toral Aguilar y H\u00e9ctor David Guel Leija, en las instalaciones del Hotel &#8220;La Palmas&#8221; para mayor eficiencia y aprovechamiento del mismo, as\u00ed como incrementar sus competencias en beneficio del servicio educativo.<\/p>\n\t\t\t\t<img loading=\"lazy\" decoding=\"async\" src=\"https:\/\/matehuala.tecnm.mx\/wp-content\/uploads\/2024\/01\/IMG_1258-scaled.jpg\" alt=\"IMG_1258\" itemprop=\"image\" height=\"1707\" width=\"2560\" title=\"IMG_1258\" onerror=\"this.style.display='none'\"  \/>\n\n","protected":false},"excerpt":{"rendered":"<p>Enero 11-2024 Con la certeza de que esta actividad contribuir\u00e1 al desarrollo personal y laboral del cuerpo directivo del TecNM Campus Matehuala, el d\u00eda de hoy dio inicio el curso [&hellip;]<\/p>\n","protected":false},"author":4,"featured_media":0,"parent":0,"menu_order":0,"comment_status":"closed","ping_status":"closed","template":"","meta":{"footnotes":""},"class_list":["post-1250","page","type-page","status-publish","hentry"],"_links":{"self":[{"href":"https:\/\/matehuala.tecnm.mx\/index.php?rest_route=\/wp\/v2\/pages\/1250","targetHints":{"allow":["GET"]}}],"collection":[{"href":"https:\/\/matehuala.tecnm.mx\/index.php?rest_route=\/wp\/v2\/pages"}],"about":[{"href":"https:\/\/matehuala.tecnm.mx\/index.php?rest_route=\/wp\/v2\/types\/page"}],"author":[{"embeddable":true,"href":"https:\/\/matehuala.tecnm.mx\/index.php?rest_route=\/wp\/v2\/users\/4"}],"replies":[{"embeddable":true,"href":"https:\/\/matehuala.tecnm.mx\/index.php?rest_route=%2Fwp%2Fv2%2Fcomments&post=1250"}],"version-history":[{"count":4,"href":"https:\/\/matehuala.tecnm.mx\/index.php?rest_route=\/wp\/v2\/pages\/1250\/revisions"}],"predecessor-version":[{"id":1262,"href":"https:\/\/matehuala.tecnm.mx\/index.php?rest_route=\/wp\/v2\/pages\/1250\/revisions\/1262"}],"wp:attachment":[{"href":"https:\/\/matehuala.tecnm.mx\/index.php?rest_route=%2Fwp%2Fv2%2Fmedia&parent=1250"}],"curies":[{"name":"wp","href":"https:\/\/api.w.org\/{rel}","templated":true}]}}