{"id":1264,"date":"2024-01-22T13:26:35","date_gmt":"2024-01-22T19:26:35","guid":{"rendered":"https:\/\/matehuala.tecnm.mx\/?page_id=1264"},"modified":"2024-01-22T13:26:35","modified_gmt":"2024-01-22T19:26:35","slug":"boletin-04-2024-programa-para-el-desarrollo-profesional-docente","status":"publish","type":"page","link":"https:\/\/matehuala.tecnm.mx\/?page_id=1264","title":{"rendered":"BOLET\u00cdN 04-2024 PROGRAMA PARA EL DESARROLLO PROFESIONAL DOCENTE."},"content":{"rendered":"\n\n\t\t\t\t<img loading=\"lazy\" decoding=\"async\" src=\"https:\/\/matehuala.tecnm.mx\/wp-content\/uploads\/2024\/01\/Copia-de-IMG_1706-scaled.jpg\" alt=\"Copia de IMG_1706\" itemprop=\"image\" height=\"1707\" width=\"2560\" title=\"Copia de IMG_1706\" onerror=\"this.style.display='none'\"  \/>\n\t<p>Enero 19, 2024 En las instalaciones que ocupa la sala de juntas de la direcci\u00f3n del plantel, el d\u00eda de hoy se otorgaron los apoyos emitidos por el Programa para el Desarrollo Profesional (PRODEP) a los Docentes Roc\u00edo Vel\u00e1zquez Nava y Gabriel Hilario Mondrag\u00f3n Ramos, la entrega estuvo dirigida por nuestro director Jos\u00e9 Luis Lorenzo Bernal Robledo, en compa\u00f1\u00eda de los docentes que pertenecen a este programa.<\/p>\n<p>De acuerdo a las normas del PRODEP, se hace entrega de apoyos a los docentes que cuentan con Perfil Deseable, como reconocimiento al sobresalir en las actividades realizadas en el a\u00f1o 2023 en los rubros: Producci\u00f3n acad\u00e9mica, Proyectos de investigaci\u00f3n, Tutor\u00edas, Gesti\u00f3n acad\u00e9mica y Vinculaci\u00f3n. Se entregaron dos MacBook, con el fin de continuar con su labor docente y de investigaci\u00f3n.<\/p>\n<p>En hora buena a nuestros docentes, quienes se esfuerzan constantemente para enaltecer a nuestra Instituci\u00f3n.<\/p>\n<p>\u00a0<a tabindex=\"0\" role=\"link\" href=\"https:\/\/www.facebook.com\/hashtag\/todossomostecnm?__eep__=6\">#TodosSomosTecNM<\/a><\/p>\n\t\t\t\t<img loading=\"lazy\" decoding=\"async\" src=\"https:\/\/matehuala.tecnm.mx\/wp-content\/uploads\/2024\/01\/Copia-de-IMG_1708-scaled.jpg\" alt=\"Copia de IMG_1708\" itemprop=\"image\" height=\"1707\" width=\"2560\" title=\"Copia de IMG_1708\" onerror=\"this.style.display='none'\"  \/>\n\n","protected":false},"excerpt":{"rendered":"<p>Enero 19, 2024 En las instalaciones que ocupa la sala de juntas de la direcci\u00f3n del plantel, el d\u00eda de hoy se otorgaron los apoyos emitidos por el Programa para [&hellip;]<\/p>\n","protected":false},"author":4,"featured_media":0,"parent":0,"menu_order":0,"comment_status":"closed","ping_status":"closed","template":"","meta":{"footnotes":""},"class_list":["post-1264","page","type-page","status-publish","hentry"],"_links":{"self":[{"href":"https:\/\/matehuala.tecnm.mx\/index.php?rest_route=\/wp\/v2\/pages\/1264","targetHints":{"allow":["GET"]}}],"collection":[{"href":"https:\/\/matehuala.tecnm.mx\/index.php?rest_route=\/wp\/v2\/pages"}],"about":[{"href":"https:\/\/matehuala.tecnm.mx\/index.php?rest_route=\/wp\/v2\/types\/page"}],"author":[{"embeddable":true,"href":"https:\/\/matehuala.tecnm.mx\/index.php?rest_route=\/wp\/v2\/users\/4"}],"replies":[{"embeddable":true,"href":"https:\/\/matehuala.tecnm.mx\/index.php?rest_route=%2Fwp%2Fv2%2Fcomments&post=1264"}],"version-history":[{"count":2,"href":"https:\/\/matehuala.tecnm.mx\/index.php?rest_route=\/wp\/v2\/pages\/1264\/revisions"}],"predecessor-version":[{"id":1268,"href":"https:\/\/matehuala.tecnm.mx\/index.php?rest_route=\/wp\/v2\/pages\/1264\/revisions\/1268"}],"wp:attachment":[{"href":"https:\/\/matehuala.tecnm.mx\/index.php?rest_route=%2Fwp%2Fv2%2Fmedia&parent=1264"}],"curies":[{"name":"wp","href":"https:\/\/api.w.org\/{rel}","templated":true}]}}