{"id":1270,"date":"2024-01-22T14:34:07","date_gmt":"2024-01-22T20:34:07","guid":{"rendered":"https:\/\/matehuala.tecnm.mx\/?page_id=1270"},"modified":"2024-01-22T14:34:07","modified_gmt":"2024-01-22T20:34:07","slug":"boletin-05-2024-capacitacion-docentes-del-tecnm-campus-matehuala","status":"publish","type":"page","link":"https:\/\/matehuala.tecnm.mx\/?page_id=1270","title":{"rendered":"BOLET\u00cdN 05-2024 CAPACITACI\u00d3N DOCENTES DEL TecNM CAMPUS MATEHUALA."},"content":{"rendered":"\n\n\t<p>En las instalaciones que ocupa el Centro de Informaci\u00f3n dio inicio la capacitaci\u00f3n y actualizaci\u00f3n docente para el semestre Enero- Junio 2024, el director de nuestro plantel Jos\u00e9 Luis Lorenzo Bernal Roble en compa\u00f1\u00eda de Margarita Coronado Orozco Responsable del despacho de la Subdirecci\u00f3n Acad\u00e9mica y Arlene Barrag\u00e1n Ram\u00edrez, Jefa del departamento de Desarrollo Acad\u00e9mico fueron los encargados de dar la bienvenida. Este primer curso se denomina &#8220;M\u00e9todos y t\u00e9cnicas de aprendizaje en el TecNM campus Matehuala&#8221; impartido por el Juan Carlos D\u00edaz de Le\u00f3n el cual tiene por objetivo proporcionar los elementos te\u00f3ricos y competencias a los docentes para que las refuercen, sobre todo las de dise\u00f1ar, implementar y evaluar las actividades de aprendizaje de los alumn@s, mismo que se estar\u00e1 impartiendo del 08 al 12 de enero con la participaci\u00f3n de toda la plana docente de nuestro campus.<\/p>\n\t\t\t\t<img loading=\"lazy\" decoding=\"async\" src=\"https:\/\/matehuala.tecnm.mx\/wp-content\/uploads\/2024\/01\/docentes.jpeg\" alt=\"docentes\" itemprop=\"image\" height=\"1365\" width=\"2048\" title=\"docentes\" onerror=\"this.style.display='none'\"  \/>\n\t\t\t\t<img loading=\"lazy\" decoding=\"async\" src=\"https:\/\/matehuala.tecnm.mx\/wp-content\/uploads\/2024\/01\/docentes-2.jpeg\" alt=\"docentes 2\" itemprop=\"image\" height=\"1365\" width=\"2048\" title=\"docentes 2\" onerror=\"this.style.display='none'\"  \/>\n\t<p>Continuando con el per\u00edodo de actualizaci\u00f3n docente y profesional se dio por clausurado el Curso &#8211; Taller denominado &#8220;Herramientas de la IA aplicada a la Docencia&#8221; impartido por Jes\u00fas Alberto Garza Ortega del 15 al 19 de enero, en las instalaciones que ocupa el Centro de C\u00f3mputo de la instituci\u00f3n, con el objetivo de brindar una experiencia de aprendizaje enriquecedora y personalizada para los participantes al aprovechar las capacidades de procesamiento de lenguaje natural y generaci\u00f3n de texto con m\u00faltiples herramientas de IA.<\/p>\n<p>Seguimos fortaleciendo a nuestra plantilla docente a efecto de incrementar sus competencias en beneficio del servicio educativo.<\/p>\n\t\t\t\t<img loading=\"lazy\" decoding=\"async\" src=\"https:\/\/matehuala.tecnm.mx\/wp-content\/uploads\/2024\/01\/docentes-4.jpeg\" alt=\"docentes 4\" itemprop=\"image\" height=\"1365\" width=\"2048\" title=\"docentes 4\" onerror=\"this.style.display='none'\"  \/>\n\t\t\t\t<img loading=\"lazy\" decoding=\"async\" src=\"https:\/\/matehuala.tecnm.mx\/wp-content\/uploads\/2024\/01\/docentes-3.jpeg\" alt=\"docentes 3\" itemprop=\"image\" height=\"1365\" width=\"2048\" title=\"docentes 3\" onerror=\"this.style.display='none'\"  \/>\n\n","protected":false},"excerpt":{"rendered":"<p>En las instalaciones que ocupa el Centro de Informaci\u00f3n dio inicio la capacitaci\u00f3n y actualizaci\u00f3n docente para el semestre Enero- Junio 2024, el director de nuestro plantel Jos\u00e9 Luis Lorenzo [&hellip;]<\/p>\n","protected":false},"author":4,"featured_media":0,"parent":0,"menu_order":0,"comment_status":"closed","ping_status":"closed","template":"","meta":{"footnotes":""},"class_list":["post-1270","page","type-page","status-publish","hentry"],"_links":{"self":[{"href":"https:\/\/matehuala.tecnm.mx\/index.php?rest_route=\/wp\/v2\/pages\/1270","targetHints":{"allow":["GET"]}}],"collection":[{"href":"https:\/\/matehuala.tecnm.mx\/index.php?rest_route=\/wp\/v2\/pages"}],"about":[{"href":"https:\/\/matehuala.tecnm.mx\/index.php?rest_route=\/wp\/v2\/types\/page"}],"author":[{"embeddable":true,"href":"https:\/\/matehuala.tecnm.mx\/index.php?rest_route=\/wp\/v2\/users\/4"}],"replies":[{"embeddable":true,"href":"https:\/\/matehuala.tecnm.mx\/index.php?rest_route=%2Fwp%2Fv2%2Fcomments&post=1270"}],"version-history":[{"count":2,"href":"https:\/\/matehuala.tecnm.mx\/index.php?rest_route=\/wp\/v2\/pages\/1270\/revisions"}],"predecessor-version":[{"id":1280,"href":"https:\/\/matehuala.tecnm.mx\/index.php?rest_route=\/wp\/v2\/pages\/1270\/revisions\/1280"}],"wp:attachment":[{"href":"https:\/\/matehuala.tecnm.mx\/index.php?rest_route=%2Fwp%2Fv2%2Fmedia&parent=1270"}],"curies":[{"name":"wp","href":"https:\/\/api.w.org\/{rel}","templated":true}]}}