{"id":161,"date":"2023-08-10T17:32:38","date_gmt":"2023-08-10T17:32:38","guid":{"rendered":"https:\/\/matehuala.tecnm.mx\/pruebaspagina\/?page_id=161"},"modified":"2023-08-18T12:11:49","modified_gmt":"2023-08-18T18:11:49","slug":"ingenieria-en-sistemas-computacionales","status":"publish","type":"page","link":"https:\/\/matehuala.tecnm.mx\/?page_id=161","title":{"rendered":"Ingenier\u00eda en Sistemas Computacionales"},"content":{"rendered":"\n<p><\/p>\n\n\n<div class=\"wp-block-image\">\n<figure class=\"aligncenter size-large is-resized\"><img loading=\"lazy\" decoding=\"async\" src=\"https:\/\/matehuala.tecnm.mx\/pruebaspagina\/wp-content\/uploads\/2023\/08\/Sistemas-foto-new-1024x768.jpeg\" alt=\"\" class=\"wp-image-237\" style=\"width:748px;height:561px\" width=\"748\" height=\"561\" srcset=\"https:\/\/matehuala.tecnm.mx\/wp-content\/uploads\/2023\/08\/Sistemas-foto-new-1024x768.jpeg 1024w, https:\/\/matehuala.tecnm.mx\/wp-content\/uploads\/2023\/08\/Sistemas-foto-new-300x225.jpeg 300w, https:\/\/matehuala.tecnm.mx\/wp-content\/uploads\/2023\/08\/Sistemas-foto-new-768x576.jpeg 768w, https:\/\/matehuala.tecnm.mx\/wp-content\/uploads\/2023\/08\/Sistemas-foto-new-360x270.jpeg 360w, https:\/\/matehuala.tecnm.mx\/wp-content\/uploads\/2023\/08\/Sistemas-foto-new-80x60.jpeg 80w, https:\/\/matehuala.tecnm.mx\/wp-content\/uploads\/2023\/08\/Sistemas-foto-new.jpeg 1280w\" sizes=\"auto, (max-width: 748px) 100vw, 748px\" \/><\/figure>\n<\/div>\n\n\n<p><strong>Objetivo General:<\/strong><\/p>\n\n\n\n<p>Formar profesionistas l\u00edderes con visi\u00f3n estrat\u00e9gica y amplio sentido \u00e9tico; capaz de dise\u00f1ar, desarrollar, implementar y administrar tecnolog\u00eda computacional para aportar soluciones innovadoras en beneficio de la sociedad; en un contexto global, multidisciplinario y sostenible.<\/p>\n\n\n\n<p><strong>Perfil de Egreso:<\/strong><\/p>\n\n\n\n<ol class=\"wp-block-list\">\n<li>Implementa aplicaciones computacionales para solucionar problemas de diversos contextos, integrando diferentes tecnolog\u00edas, plataformas o dispositivos.<\/li>\n\n\n\n<li>Dise\u00f1a, desarrolla y aplica modelos computacionales para solucionar problemas, mediante la selecci\u00f3n y uso de herramientas matem\u00e1ticas.<\/li>\n\n\n\n<li>Dise\u00f1a e implementa interfaces para la automatizaci\u00f3n de sistemas de hardware y desarrollo del software asociado.<\/li>\n\n\n\n<li>Coordina y participa en equipos multidisciplinarios para la aplicaci\u00f3n de soluciones innovadoras en diferentes contextos.<\/li>\n\n\n\n<li>Dise\u00f1a, implementa y administra bases de datos optimizando los recursos disponibles, conforme a las normas vigentes de manejo y seguridad de la informaci\u00f3n.<\/li>\n\n\n\n<li>Desarrolla y administra software para apoyar la productividad y competitividad de las organizaciones cumpliendo con est\u00e1ndares de calidad.<\/li>\n\n\n\n<li>Eval\u00faa tecnolog\u00edas de hardware para soportar aplicaciones de manera efectiva.<\/li>\n\n\n\n<li>Detecta \u00e1reas de oportunidad empleando una visi\u00f3n empresarial para crear proyectos aplicando lasTecnolog\u00edas de la Informaci\u00f3n y Comunicaci\u00f3n.<\/li>\n\n\n\n<li>Dise\u00f1a, configura y administra redes de computadoras para crear soluciones de conectividad en laorganizaci\u00f3n, aplicando las normas y est\u00e1ndares vigentes.<\/li>\n<\/ol>\n\n\n\n<p>\u00a9TecNM mayo 2016 P\u00e1gina | 1&nbsp;<\/p>\n\n\n\n<p><\/p>\n\n\n\n<div data-wp-interactive=\"core\/file\" class=\"wp-block-file\"><object data-wp-bind--hidden=\"!state.hasPdfPreview\" hidden class=\"wp-block-file__embed\" data=\"https:\/\/matehuala.tecnm.mx\/wp-content\/uploads\/2023\/08\/Reticula-Ingenieria-en-Sistemas-Computacionales.pdf\" type=\"application\/pdf\" style=\"width:100%;height:600px\" aria-label=\"Incrustado de Reticula-Ingenieria-en-Sistemas-Computacionales.\"><\/object><a id=\"wp-block-file--media-e21af922-ac17-4d18-868d-65119c158903\" href=\"https:\/\/matehuala.tecnm.mx\/wp-content\/uploads\/2023\/08\/Reticula-Ingenieria-en-Sistemas-Computacionales.pdf\">Reticula-Ingenieria-en-Sistemas-Computacionales<\/a><a href=\"https:\/\/matehuala.tecnm.mx\/wp-content\/uploads\/2023\/08\/Reticula-Ingenieria-en-Sistemas-Computacionales.pdf\" class=\"wp-block-file__button wp-element-button\" download aria-describedby=\"wp-block-file--media-e21af922-ac17-4d18-868d-65119c158903\"><mark style=\"background-color:rgba(0, 0, 0, 0)\" class=\"has-inline-color has-white-color\">Descarga<\/mark><\/a><\/div>\n","protected":false},"excerpt":{"rendered":"<p>Objetivo General: Formar profesionistas l\u00edderes con visi\u00f3n estrat\u00e9gica y amplio sentido \u00e9tico; capaz de dise\u00f1ar, desarrollar, implementar y administrar tecnolog\u00eda computacional para aportar soluciones innovadoras en beneficio de la sociedad; [&hellip;]<\/p>\n","protected":false},"author":1,"featured_media":0,"parent":0,"menu_order":0,"comment_status":"closed","ping_status":"closed","template":"","meta":{"footnotes":""},"class_list":["post-161","page","type-page","status-publish","hentry"],"_links":{"self":[{"href":"https:\/\/matehuala.tecnm.mx\/index.php?rest_route=\/wp\/v2\/pages\/161","targetHints":{"allow":["GET"]}}],"collection":[{"href":"https:\/\/matehuala.tecnm.mx\/index.php?rest_route=\/wp\/v2\/pages"}],"about":[{"href":"https:\/\/matehuala.tecnm.mx\/index.php?rest_route=\/wp\/v2\/types\/page"}],"author":[{"embeddable":true,"href":"https:\/\/matehuala.tecnm.mx\/index.php?rest_route=\/wp\/v2\/users\/1"}],"replies":[{"embeddable":true,"href":"https:\/\/matehuala.tecnm.mx\/index.php?rest_route=%2Fwp%2Fv2%2Fcomments&post=161"}],"version-history":[{"count":6,"href":"https:\/\/matehuala.tecnm.mx\/index.php?rest_route=\/wp\/v2\/pages\/161\/revisions"}],"predecessor-version":[{"id":623,"href":"https:\/\/matehuala.tecnm.mx\/index.php?rest_route=\/wp\/v2\/pages\/161\/revisions\/623"}],"wp:attachment":[{"href":"https:\/\/matehuala.tecnm.mx\/index.php?rest_route=%2Fwp%2Fv2%2Fmedia&parent=161"}],"curies":[{"name":"wp","href":"https:\/\/api.w.org\/{rel}","templated":true}]}}