{"id":163,"date":"2023-08-10T17:33:10","date_gmt":"2023-08-10T17:33:10","guid":{"rendered":"https:\/\/matehuala.tecnm.mx\/pruebaspagina\/?page_id=163"},"modified":"2023-08-18T10:31:27","modified_gmt":"2023-08-18T16:31:27","slug":"contador-publico","status":"publish","type":"page","link":"https:\/\/matehuala.tecnm.mx\/?page_id=163","title":{"rendered":"Contador P\u00fablico"},"content":{"rendered":"\n<p><\/p>\n\n\n<div class=\"wp-block-image\">\n<figure class=\"aligncenter size-large\"><img loading=\"lazy\" decoding=\"async\" width=\"1024\" height=\"580\" src=\"https:\/\/matehuala.tecnm.mx\/pruebaspagina\/wp-content\/uploads\/2023\/08\/Conta-2020-TecNM-menosK-1024x580.jpg\" alt=\"\" class=\"wp-image-239\" srcset=\"https:\/\/matehuala.tecnm.mx\/wp-content\/uploads\/2023\/08\/Conta-2020-TecNM-menosK-1024x580.jpg 1024w, https:\/\/matehuala.tecnm.mx\/wp-content\/uploads\/2023\/08\/Conta-2020-TecNM-menosK-300x170.jpg 300w, https:\/\/matehuala.tecnm.mx\/wp-content\/uploads\/2023\/08\/Conta-2020-TecNM-menosK-768x435.jpg 768w, https:\/\/matehuala.tecnm.mx\/wp-content\/uploads\/2023\/08\/Conta-2020-TecNM-menosK-135x75.jpg 135w, https:\/\/matehuala.tecnm.mx\/wp-content\/uploads\/2023\/08\/Conta-2020-TecNM-menosK.jpg 1432w\" sizes=\"auto, (max-width: 1024px) 100vw, 1024px\" \/><\/figure>\n<\/div>\n\n\n<p><strong>Contador P\u00fablico&nbsp;COPU-2010-205<\/strong><\/p>\n\n\n\n<p><strong>Objetivo General:<\/strong><\/p>\n\n\n\n<p>Formar profesionales competitivos, capaces de dise\u00f1ar, establecer, aplicar, controlar y evaluar sistemas de informaci\u00f3n financiera, administrativa y fiscal, dentro del marco legal vigente para la toma de decisiones de las entidades econ\u00f3micas nacionales e internacionales, con una actitud \u00e9tica, cr\u00edtica, emprendedora y de liderazgo, a trav\u00e9s de la investigaci\u00f3n y el uso de la tecnolog\u00eda de la informaci\u00f3n y comunicaciones, fomentando el desarrollo sustentable.<\/p>\n\n\n\n<p><strong>Perfil de Egreso:<\/strong><\/p>\n\n\n\n<ol class=\"wp-block-list\">\n<li>Dise\u00f1a, implanta, controla, eval\u00faa, asesorara e innova sistemas de informaci\u00f3n financiera, administrativa, fiscal y de auditor\u00eda en entidades econ\u00f3micas para la generaci\u00f3n, an\u00e1lisis de informaci\u00f3n financiera con apego a las Normas de Informaci\u00f3n Financiera, nacionales e internacionales y la toma de decisiones.<\/li>\n\n\n\n<li>Audita sistemas financieros, fiscales y administrativos de las entidades econ\u00f3micas con apego a las Normas Internacionales de Auditoria vigentes para la emisi\u00f3n de un dictamen.<\/li>\n\n\n\n<li>Aplica el marco legal y pertinente a las caracter\u00edsticas y necesidades de la entidad econ\u00f3mica dentro del campo profesional para el cumplimiento de las disposiciones vigentes.<\/li>\n\n\n\n<li>Administra estrat\u00e9gicamente los recursos de las entidades econ\u00f3micas para el cumplimiento de sus objetivos.<\/li>\n\n\n\n<li>Aplica en el ejercicio profesional el c\u00f3digo de \u00e9tica del contador p\u00fablico vigente para enaltecer a la profesi\u00f3n.<\/li>\n\n\n\n<li>Utiliza las tecnolog\u00edas de informaci\u00f3n y comunicaci\u00f3n para eficientar los procesos y la toma de decisiones.<\/li>\n\n\n\n<li>Desarrolla investigaci\u00f3n asumiendo una actitud de liderazgo, compromiso y servicio con su entorno social, para su difusi\u00f3n.<\/li>\n\n\n\n<li>Elabora y eval\u00faa proyectos de inversi\u00f3n de acuerdo a las caracter\u00edsticas y necesidades del entorno para la generaci\u00f3n de entidades econ\u00f3micas con actitud de liderazgo y compromiso con el medio ambiente.<\/li>\n\n\n\n<li>Trabaja en equipos multidisciplinarios para el logro de los resultados de las entidades con un sentido de responsabilidad social y visi\u00f3n integradora.<\/li>\n<\/ol>\n\n\n\n<p>10.Propone estrategias de mercadotecnia que permitan alcanzar los objetivos de las entidades econ\u00f3micas.<\/p>\n\n\n\n<p>11. Aplica m\u00e9todos de an\u00e1lisis de informaci\u00f3n financiera para determinar las mejores alternativas de inversi\u00f3n y financiamiento.<\/p>\n\n\n\n<p>\u00a9TecNM mayo 2016 P\u00e1gina | 1&nbsp;<\/p>\n\n\n\n<p><\/p>\n\n\n\n<div data-wp-interactive=\"core\/file\" class=\"wp-block-file\"><object data-wp-bind--hidden=\"!state.hasPdfPreview\" hidden class=\"wp-block-file__embed\" data=\"https:\/\/matehuala.tecnm.mx\/wp-content\/uploads\/2023\/08\/Reticula-Contador-Publico.pdf\" type=\"application\/pdf\" style=\"width:100%;height:600px\" aria-label=\"Incrustado de Reticula-Contador-Publico.\"><\/object><a id=\"wp-block-file--media-6ef977ce-950d-404e-8a0f-0e9bb25add05\" href=\"https:\/\/matehuala.tecnm.mx\/wp-content\/uploads\/2023\/08\/Reticula-Contador-Publico.pdf\">Reticula-Contador-Publico<\/a><a href=\"https:\/\/matehuala.tecnm.mx\/wp-content\/uploads\/2023\/08\/Reticula-Contador-Publico.pdf\" class=\"wp-block-file__button wp-element-button\" download aria-describedby=\"wp-block-file--media-6ef977ce-950d-404e-8a0f-0e9bb25add05\"><mark style=\"background-color:rgba(0, 0, 0, 0)\" class=\"has-inline-color has-white-color\">Descarga<\/mark><\/a><\/div>\n","protected":false},"excerpt":{"rendered":"<p>Contador P\u00fablico&nbsp;COPU-2010-205 Objetivo General: Formar profesionales competitivos, capaces de dise\u00f1ar, establecer, aplicar, controlar y evaluar sistemas de informaci\u00f3n financiera, administrativa y fiscal, dentro del marco legal vigente para la toma [&hellip;]<\/p>\n","protected":false},"author":1,"featured_media":0,"parent":0,"menu_order":0,"comment_status":"closed","ping_status":"closed","template":"","meta":{"footnotes":""},"class_list":["post-163","page","type-page","status-publish","hentry"],"_links":{"self":[{"href":"https:\/\/matehuala.tecnm.mx\/index.php?rest_route=\/wp\/v2\/pages\/163","targetHints":{"allow":["GET"]}}],"collection":[{"href":"https:\/\/matehuala.tecnm.mx\/index.php?rest_route=\/wp\/v2\/pages"}],"about":[{"href":"https:\/\/matehuala.tecnm.mx\/index.php?rest_route=\/wp\/v2\/types\/page"}],"author":[{"embeddable":true,"href":"https:\/\/matehuala.tecnm.mx\/index.php?rest_route=\/wp\/v2\/users\/1"}],"replies":[{"embeddable":true,"href":"https:\/\/matehuala.tecnm.mx\/index.php?rest_route=%2Fwp%2Fv2%2Fcomments&post=163"}],"version-history":[{"count":3,"href":"https:\/\/matehuala.tecnm.mx\/index.php?rest_route=\/wp\/v2\/pages\/163\/revisions"}],"predecessor-version":[{"id":611,"href":"https:\/\/matehuala.tecnm.mx\/index.php?rest_route=\/wp\/v2\/pages\/163\/revisions\/611"}],"wp:attachment":[{"href":"https:\/\/matehuala.tecnm.mx\/index.php?rest_route=%2Fwp%2Fv2%2Fmedia&parent=163"}],"curies":[{"name":"wp","href":"https:\/\/api.w.org\/{rel}","templated":true}]}}