{"id":165,"date":"2023-08-10T17:33:53","date_gmt":"2023-08-10T17:33:53","guid":{"rendered":"https:\/\/matehuala.tecnm.mx\/pruebaspagina\/?page_id=165"},"modified":"2023-08-18T12:14:45","modified_gmt":"2023-08-18T18:14:45","slug":"ingenieria-en-gestion-empresarial","status":"publish","type":"page","link":"https:\/\/matehuala.tecnm.mx\/?page_id=165","title":{"rendered":"Ingenier\u00eda en Gesti\u00f3n Empresarial"},"content":{"rendered":"\n<p><\/p>\n\n\n<div class=\"wp-block-image\">\n<figure class=\"aligncenter size-large\"><img loading=\"lazy\" decoding=\"async\" width=\"1024\" height=\"602\" src=\"https:\/\/matehuala.tecnm.mx\/pruebaspagina\/wp-content\/uploads\/2023\/08\/Gestion-2020-TecNM-1024x602.png\" alt=\"\" class=\"wp-image-243\" srcset=\"https:\/\/matehuala.tecnm.mx\/wp-content\/uploads\/2023\/08\/Gestion-2020-TecNM-1024x602.png 1024w, https:\/\/matehuala.tecnm.mx\/wp-content\/uploads\/2023\/08\/Gestion-2020-TecNM-300x177.png 300w, https:\/\/matehuala.tecnm.mx\/wp-content\/uploads\/2023\/08\/Gestion-2020-TecNM-768x452.png 768w, https:\/\/matehuala.tecnm.mx\/wp-content\/uploads\/2023\/08\/Gestion-2020-TecNM.png 1426w\" sizes=\"auto, (max-width: 1024px) 100vw, 1024px\" \/><\/figure>\n<\/div>\n\n\n<p><\/p>\n\n\n\n<p><strong>Ingenier\u00eda en Gesti\u00f3n Empresarial&nbsp;<\/strong><strong>IGEM-2009-201<\/strong><\/p>\n\n\n\n<p><strong>Objetivo General:<\/strong><\/p>\n\n\n\n<p>Formar profesionales que contribuyan a la gesti\u00f3n de empresas e innovaci\u00f3n de procesos; as\u00ed como al dise\u00f1o, implementaci\u00f3n y desarrollo de sistemas estrat\u00e9gicos de negocios, optimizando recursos en un entorno global, con \u00e9tica y responsabilidad social.<\/p>\n\n\n\n<p><strong>Perfil de Egreso:<\/strong><\/p>\n\n\n\n<ol class=\"wp-block-list\">\n<li>Aplica habilidades directivas y de ingenier\u00eda en el dise\u00f1o, gesti\u00f3n, fortalecimiento e innovaci\u00f3n de las organizaciones para la toma de decisiones en forma efectiva, con una orientaci\u00f3n sist\u00e9mica y sustentable.<\/li>\n\n\n\n<li>Dise\u00f1a e innova estructuras administrativas y procesos, con base en las necesidades de las organizaciones para competir eficientemente en mercados globales.<\/li>\n\n\n\n<li>Gestiona eficientemente los recursos de la organizaci\u00f3n con visi\u00f3n compartida, con el fin de suministrar bienes y servicios de calidad.<\/li>\n\n\n\n<li>Aplica m\u00e9todos cuantitativos y cualitativos en el an\u00e1lisis e interpretaci\u00f3n de datos y modelado de sistemas en los procesos organizacionales, para la mejora continua atendiendo est\u00e1ndares de calidad mundial.<\/li>\n\n\n\n<li>Dise\u00f1a, y emprende nuevos negocios y proyectos empresariales sustentables en mercados competitivos, para promover el desarrollo.<\/li>\n\n\n\n<li>Dise\u00f1a e implementa estrategias de mercadotecnia basadas en informaci\u00f3n recopilada de fuentes primarias y secundarias, para incrementar la competitividad de las organizaciones.<\/li>\n\n\n\n<li>Implementa planes y programas de seguridad e higiene para el fortalecimiento del entorno laboral.<\/li>\n\n\n\n<li>Gestiona sistemas integrales de calidad para la mejora de los procesos, ejerciendo un liderazgoestrat\u00e9gico y un compromiso \u00e9tico.<\/li>\n\n\n\n<li>Aplica las normas legales para la creaci\u00f3n y desarrollo de las organizaciones.<\/li>\n\n\n\n<li>Dirige equipos de trabajo para la mejora continua y el crecimiento integral de las organizaciones.<\/li>\n\n\n\n<li>Interpreta la informaci\u00f3n financiera para detectar oportunidades de mejora e inversi\u00f3n en un mundoglobal, que propicien la rentabilidad del negocio.<\/li>\n\n\n\n<li>Utiliza las nuevas tecnolog\u00edas de informaci\u00f3n y comunicaci\u00f3n en la organizaci\u00f3n, para optimizarlos procesos y la eficaz toma de decisiones.<\/li>\n\n\n\n<li>Promueve el desarrollo del capital humano, para la realizaci\u00f3n de los objetivos organizacionales,dentro de un marco \u00e9tico y un contexto multicultural.<\/li>\n\n\n\n<li>Aplica m\u00e9todos de investigaci\u00f3n para desarrollar e innovar modelos, sistemas, procesos y productosen las diferentes dimensiones de la organizaci\u00f3n.<\/li>\n\n\n\n<li>Gestiona la cadena de suministro de las organizaciones con un enfoque orientado a procesos paraincrementar la productividad.<\/li>\n\n\n\n<li>Analiza las variables econ\u00f3micas para facilitar la toma estrat\u00e9gica de decisiones en la organizaci\u00f3n.<\/li>\n<\/ol>\n\n\n\n<p>17.Act\u00faa como agente de cambio para facilitar la mejora continua y el desempe\u00f1o de las<\/p>\n\n\n\n<p>organizaciones.<br>18. Aplica m\u00e9todos, t\u00e9cnicas y herramientas para la soluci\u00f3n de problemas en la gesti\u00f3n empresarial<\/p>\n\n\n\n<p>con una visi\u00f3n estrat\u00e9gica.<\/p>\n\n\n\n<p>\u00a9TecNM mayo 2016 P\u00e1gina | 1&nbsp;<\/p>\n\n\n\n<p><\/p>\n\n\n\n<div data-wp-interactive=\"core\/file\" class=\"wp-block-file\"><object data-wp-bind--hidden=\"!state.hasPdfPreview\" hidden class=\"wp-block-file__embed\" data=\"https:\/\/matehuala.tecnm.mx\/wp-content\/uploads\/2023\/08\/Reticula-Ingenieria-en-Gestion-Empresarial.pdf\" type=\"application\/pdf\" style=\"width:100%;height:600px\" aria-label=\"Incrustado de Reticula-Ingenieria-en-Gestion-Empresarial.\"><\/object><a id=\"wp-block-file--media-c9015f24-c6c1-42d1-ad35-f665ba63a80d\" href=\"https:\/\/matehuala.tecnm.mx\/wp-content\/uploads\/2023\/08\/Reticula-Ingenieria-en-Gestion-Empresarial.pdf\">Reticula-Ingenieria-en-Gestion-Empresarial<\/a><a href=\"https:\/\/matehuala.tecnm.mx\/wp-content\/uploads\/2023\/08\/Reticula-Ingenieria-en-Gestion-Empresarial.pdf\" class=\"wp-block-file__button wp-element-button\" download aria-describedby=\"wp-block-file--media-c9015f24-c6c1-42d1-ad35-f665ba63a80d\"><mark style=\"background-color:rgba(0, 0, 0, 0)\" class=\"has-inline-color has-white-color\">Descarga<\/mark><\/a><\/div>\n","protected":false},"excerpt":{"rendered":"<p>Ingenier\u00eda en Gesti\u00f3n Empresarial&nbsp;IGEM-2009-201 Objetivo General: Formar profesionales que contribuyan a la gesti\u00f3n de empresas e innovaci\u00f3n de procesos; as\u00ed como al dise\u00f1o, implementaci\u00f3n y desarrollo de sistemas estrat\u00e9gicos de [&hellip;]<\/p>\n","protected":false},"author":1,"featured_media":0,"parent":0,"menu_order":0,"comment_status":"closed","ping_status":"closed","template":"","meta":{"footnotes":""},"class_list":["post-165","page","type-page","status-publish","hentry"],"_links":{"self":[{"href":"https:\/\/matehuala.tecnm.mx\/index.php?rest_route=\/wp\/v2\/pages\/165","targetHints":{"allow":["GET"]}}],"collection":[{"href":"https:\/\/matehuala.tecnm.mx\/index.php?rest_route=\/wp\/v2\/pages"}],"about":[{"href":"https:\/\/matehuala.tecnm.mx\/index.php?rest_route=\/wp\/v2\/types\/page"}],"author":[{"embeddable":true,"href":"https:\/\/matehuala.tecnm.mx\/index.php?rest_route=\/wp\/v2\/users\/1"}],"replies":[{"embeddable":true,"href":"https:\/\/matehuala.tecnm.mx\/index.php?rest_route=%2Fwp%2Fv2%2Fcomments&post=165"}],"version-history":[{"count":5,"href":"https:\/\/matehuala.tecnm.mx\/index.php?rest_route=\/wp\/v2\/pages\/165\/revisions"}],"predecessor-version":[{"id":626,"href":"https:\/\/matehuala.tecnm.mx\/index.php?rest_route=\/wp\/v2\/pages\/165\/revisions\/626"}],"wp:attachment":[{"href":"https:\/\/matehuala.tecnm.mx\/index.php?rest_route=%2Fwp%2Fv2%2Fmedia&parent=165"}],"curies":[{"name":"wp","href":"https:\/\/api.w.org\/{rel}","templated":true}]}}