{"id":1938,"date":"2025-03-11T11:38:08","date_gmt":"2025-03-11T17:38:08","guid":{"rendered":"https:\/\/matehuala.tecnm.mx\/?page_id=1938"},"modified":"2025-03-11T11:43:26","modified_gmt":"2025-03-11T17:43:26","slug":"sistema-de-gestion-de-igualdad-de-genero-y-no-discriminacion-sgigi","status":"publish","type":"page","link":"https:\/\/matehuala.tecnm.mx\/?page_id=1938","title":{"rendered":"Sistema de Gesti\u00f3n de Igualdad de G\u00e9nero y No Discriminaci\u00f3n (SGIG)"},"content":{"rendered":"\n<div data-wp-interactive=\"core\/file\" class=\"wp-block-file\"><object data-wp-bind--hidden=\"!state.hasPdfPreview\" hidden class=\"wp-block-file__embed\" data=\"https:\/\/matehuala.tecnm.mx\/wp-content\/uploads\/2025\/03\/Enlace-SGIGI.pdf\" type=\"application\/pdf\" style=\"width:100%;height:600px\" aria-label=\"Incrustado de Enlace SGIGI.\"><\/object><a id=\"wp-block-file--media-b6a31315-cc23-46c3-b64c-bba65deca493\" href=\"https:\/\/matehuala.tecnm.mx\/wp-content\/uploads\/2025\/03\/Enlace-SGIGI.pdf\">Enlace SGIGI<\/a><a href=\"https:\/\/matehuala.tecnm.mx\/wp-content\/uploads\/2025\/03\/Enlace-SGIGI.pdf\" class=\"wp-block-file__button wp-element-button\" download aria-describedby=\"wp-block-file--media-b6a31315-cc23-46c3-b64c-bba65deca493\">Descarga<\/a><\/div>\n","protected":false},"excerpt":{"rendered":"","protected":false},"author":4,"featured_media":0,"parent":0,"menu_order":0,"comment_status":"closed","ping_status":"closed","template":"","meta":{"footnotes":""},"class_list":["post-1938","page","type-page","status-publish","hentry"],"_links":{"self":[{"href":"https:\/\/matehuala.tecnm.mx\/index.php?rest_route=\/wp\/v2\/pages\/1938","targetHints":{"allow":["GET"]}}],"collection":[{"href":"https:\/\/matehuala.tecnm.mx\/index.php?rest_route=\/wp\/v2\/pages"}],"about":[{"href":"https:\/\/matehuala.tecnm.mx\/index.php?rest_route=\/wp\/v2\/types\/page"}],"author":[{"embeddable":true,"href":"https:\/\/matehuala.tecnm.mx\/index.php?rest_route=\/wp\/v2\/users\/4"}],"replies":[{"embeddable":true,"href":"https:\/\/matehuala.tecnm.mx\/index.php?rest_route=%2Fwp%2Fv2%2Fcomments&post=1938"}],"version-history":[{"count":3,"href":"https:\/\/matehuala.tecnm.mx\/index.php?rest_route=\/wp\/v2\/pages\/1938\/revisions"}],"predecessor-version":[{"id":1942,"href":"https:\/\/matehuala.tecnm.mx\/index.php?rest_route=\/wp\/v2\/pages\/1938\/revisions\/1942"}],"wp:attachment":[{"href":"https:\/\/matehuala.tecnm.mx\/index.php?rest_route=%2Fwp%2Fv2%2Fmedia&parent=1938"}],"curies":[{"name":"wp","href":"https:\/\/api.w.org\/{rel}","templated":true}]}}