{"id":2099,"date":"2025-06-16T14:56:21","date_gmt":"2025-06-16T20:56:21","guid":{"rendered":"https:\/\/matehuala.tecnm.mx\/?page_id=2099"},"modified":"2025-06-17T09:46:39","modified_gmt":"2025-06-17T15:46:39","slug":"simplificado","status":"publish","type":"page","link":"https:\/\/matehuala.tecnm.mx\/?page_id=2099","title":{"rendered":"Apartado Virtual\u00a0&#8211; &#8220;Protecci\u00f3n de Datos Personales&#8221;"},"content":{"rendered":"\n<h1 class=\"wp-block-heading\"><strong>Art\u00edculo 250 &#8211; Lineamientos Generales de Protecci\u00f3n de Datos Personales para el Sector P\u00fablico<\/strong><\/h1>\n\n\n\n<h2 class=\"wp-block-heading\">\u00bfQu\u00e9 son los datos personales?<\/h2>\n\n\n\n<p>Cualquier informaci\u00f3n concerniente a una persona f\u00edsica identificada o identificable. Se considera que una persona es identificable cuando su identidad pueda determinarse directa o indirectamente a trav\u00e9s de cualquier informaci\u00f3n. Art\u00edculo 3, fracci\u00f3n IX, de la Ley General de Protecci\u00f3n de Datos Personales en Posesi\u00f3n de Sujetos Obligados.<\/p>\n\n\n\n<p>Derivado de los distintos tramites que maneja el TecNM, algunos tipos de datos personales que esta Direcci\u00f3n puede llegar a manejar son: Datos de identificaci\u00f3n personal, Datos de contacto, Datos acad\u00e9micos y de formaci\u00f3n profesional, Datos laborales, Datos sobre identidad de g\u00e9nero, Datos de estado civil, Datos sensibles, etc.<\/p>\n\n\n\n<h2 class=\"wp-block-heading\">Avisos de Privacidad<\/h2>\n\n\n\n<p>Son documentos a disposici\u00f3n del titular de forma f\u00edsica, electr\u00f3nica o en cualquier formato generado por el responsable, a partir del momento en el cual se recaben sus datos personales, con el objeto de informarle los prop\u00f3sitos del tratamiento de los mismos. Art\u00edculo 7 de la Ley General de Protecci\u00f3n de Datos Personales en Posesi\u00f3n de Sujetos Obligados.<\/p>\n\n\n\n<p>El TecNM comprometido con la salvaguarda de los datos de su comunidad estudiantil, acad\u00e9mica y administrativa, cuenta con avisos de privacidad para algunas de las direcciones de \u00e1rea, las cuales manejan datos personales, esto con la finalidad de garantizar la protecci\u00f3n de los mismos, dichos avisos pueden ser consultados a trav\u00e9s de la siguiente liga electr\u00f3nica:<\/p>\n\n\n\n<div class=\"wp-block-file\"><a id=\"wp-block-file--media-ad90911e-73ae-4296-9593-3474be072f8e\" href=\"https:\/\/matehuala.tecnm.mx\/wp-content\/uploads\/2025\/06\/Aviso_de_Privacidad_Simplificado.pdf\" target=\"_blank\" rel=\"noreferrer noopener\">Aviso_de_Privacidad_Simplificado<\/a><a href=\"https:\/\/matehuala.tecnm.mx\/wp-content\/uploads\/2025\/06\/Aviso_de_Privacidad_Simplificado.pdf\" class=\"wp-block-file__button wp-element-button\" download aria-describedby=\"wp-block-file--media-ad90911e-73ae-4296-9593-3474be072f8e\">Descarga<\/a><\/div>\n\n\n\n<div class=\"wp-block-file\"><a id=\"wp-block-file--media-74e5beda-eef6-4116-9e21-6cbfb16c42e9\" href=\"https:\/\/matehuala.tecnm.mx\/wp-content\/uploads\/2025\/06\/Aviso_de_Privacidad_Integral.pdf\" target=\"_blank\" rel=\"noreferrer noopener\">Aviso_de_Privacidad_Integral<\/a><a href=\"https:\/\/matehuala.tecnm.mx\/wp-content\/uploads\/2025\/06\/Aviso_de_Privacidad_Integral.pdf\" class=\"wp-block-file__button wp-element-button\" download aria-describedby=\"wp-block-file--media-74e5beda-eef6-4116-9e21-6cbfb16c42e9\">Descarga<\/a><\/div>\n\n\n\n<h2 class=\"wp-block-heading\">Pol\u00edtica de Protecci\u00f3n de Datos Personales<\/h2>\n\n\n\n<p>El TecNM, ha implementado la Pol\u00edtica de Protecci\u00f3n de Datos Personales, cuyo fundamento legal, se encuentra previamente establecido en la Ley General de Protecci\u00f3n de Datos Personales en Posesi\u00f3n de los Sujetos Obligados, sus lineamientos, la legislaci\u00f3n vigente en la materia, asi como lo se\u00f1alado en la Pol\u00edtica de Protecci\u00f3n de Datos Personales, cuyo objetivo primordial es salvaguardar los datos personales de todos aquellos que se encuentren sujetos a esta.<\/p>\n\n\n\n<p>De tal forma que todos aquellos servidores p\u00fablicos dentro del Tecnol\u00f3gico Nacional de M\u00e9xico deber\u00e1n tratar los datos personales que posean, sujet\u00e1ndose a las atribuciones y\/o facultades que la normatividad aplicable les confiera.<\/p>\n\n\n\n<p>Cabe se\u00f1alar que el tratamiento a los datos personales debe estar justificado por finalidades concretas, licitas, explicitas y legitimas, dichas pol\u00edticas pueden ser consultadas a trav\u00e9s de las siguientes p\u00e1ginas electr\u00f3nicas:<\/p>\n\n\n\n<div class=\"wp-block-buttons is-layout-flex wp-block-buttons-is-layout-flex\">\n<div class=\"wp-block-button is-style-outline is-style-outline--1\"><a class=\"wp-block-button__link wp-element-button\" href=\"https:\/\/sep.gob.mx\/work\/models\/sep1\/Resource\/15508\/3\/images\/acta_ct_se_26_07_2018_ppdp.pdf\">Acta CT SE (26\/07\/2018)<\/a><\/div>\n<\/div>\n\n\n\n<div class=\"wp-block-buttons is-layout-flex wp-block-buttons-is-layout-flex\">\n<div class=\"wp-block-button is-style-outline is-style-outline--2\"><a class=\"wp-block-button__link wp-element-button\" href=\"https:\/\/sep.gob.mx\/work\/models\/sep1\/Resource\/15508\/3\/images\/act_ct_se_27_07_2018_ppdp.pdf\">Acta CT SE (27\/07\/2018)<\/a><\/div>\n<\/div>\n\n\n\n<p><\/p>\n","protected":false},"excerpt":{"rendered":"<p>Art\u00edculo 250 &#8211; Lineamientos Generales de Protecci\u00f3n de Datos Personales para el Sector P\u00fablico \u00bfQu\u00e9 son los datos personales? Cualquier informaci\u00f3n concerniente a una persona f\u00edsica identificada o identificable. Se [&hellip;]<\/p>\n","protected":false},"author":4,"featured_media":0,"parent":0,"menu_order":0,"comment_status":"closed","ping_status":"closed","template":"","meta":{"footnotes":""},"class_list":["post-2099","page","type-page","status-publish","hentry"],"_links":{"self":[{"href":"https:\/\/matehuala.tecnm.mx\/index.php?rest_route=\/wp\/v2\/pages\/2099","targetHints":{"allow":["GET"]}}],"collection":[{"href":"https:\/\/matehuala.tecnm.mx\/index.php?rest_route=\/wp\/v2\/pages"}],"about":[{"href":"https:\/\/matehuala.tecnm.mx\/index.php?rest_route=\/wp\/v2\/types\/page"}],"author":[{"embeddable":true,"href":"https:\/\/matehuala.tecnm.mx\/index.php?rest_route=\/wp\/v2\/users\/4"}],"replies":[{"embeddable":true,"href":"https:\/\/matehuala.tecnm.mx\/index.php?rest_route=%2Fwp%2Fv2%2Fcomments&post=2099"}],"version-history":[{"count":8,"href":"https:\/\/matehuala.tecnm.mx\/index.php?rest_route=\/wp\/v2\/pages\/2099\/revisions"}],"predecessor-version":[{"id":2126,"href":"https:\/\/matehuala.tecnm.mx\/index.php?rest_route=\/wp\/v2\/pages\/2099\/revisions\/2126"}],"wp:attachment":[{"href":"https:\/\/matehuala.tecnm.mx\/index.php?rest_route=%2Fwp%2Fv2%2Fmedia&parent=2099"}],"curies":[{"name":"wp","href":"https:\/\/api.w.org\/{rel}","templated":true}]}}