{"id":2258,"date":"2025-10-13T11:06:25","date_gmt":"2025-10-13T17:06:25","guid":{"rendered":"https:\/\/matehuala.tecnm.mx\/?page_id=2258"},"modified":"2025-10-13T11:06:36","modified_gmt":"2025-10-13T17:06:36","slug":"el-tecnm-matehuala-fomenta-la-cultura-de-la-sustentabilidad","status":"publish","type":"page","link":"https:\/\/matehuala.tecnm.mx\/?page_id=2258","title":{"rendered":"EL TECNM &#8211; MATEHUALA FOMENTA LA CULTURA DE LA SUSTENTABILIDAD"},"content":{"rendered":"<p>En cumplimiento del compromiso ambiental del <strong>Tecnol\u00f3gico Nacional de M\u00e9xico <\/strong>y como parte de las acciones que promueve el TecNM &#8211; Matehuala en favor del medio ambiente, el <strong>Comit\u00e9 de Sustentabilidad del ITMH<\/strong> llev\u00f3 a cabo una serie de <strong>charlas de sensibilizaci\u00f3n y concientizaci\u00f3n<\/strong> dirigidas a todos los estudiantes de las cinco carreras de la instituci\u00f3n<\/p>\n<p>Estas actividades, realizadas del <strong>17 al 23 de septiembre de 2025<\/strong> en la Sala Audiovisual, se enmarcan en las tres iniciativas sustentables que impulsa el TecNM:<\/p>\n<ol>\n<li><strong>Espacio 100% libre de pl\u00e1sticos de un solo uso.<\/strong><\/li>\n<li><strong>Eficiencia energ\u00e9tica con AhorraTecNM.<\/strong><\/li>\n<li><strong>Espacio 100% libre de humo de tabaco y vapeadores.<\/strong><\/li>\n<\/ol>\n<p>Durante las jornadas se logr\u00f3 cubrir la totalidad de los grupos activos del semestre, fortaleciendo la conciencia ambiental entre la comunidad tecnol\u00f3gica. Adem\u00e1s, se aplic\u00f3 una <strong>encuesta diagn\u00f3stica<\/strong> para conocer el nivel de conocimiento y participaci\u00f3n de los estudiantes en estas iniciativas, tanto dentro como fuera de la instituci\u00f3n<\/p>\n<p>El evento se desarroll\u00f3 con \u00e9xito y refleja el esfuerzo permanente del TecNM &#8211; Matehuala por <strong>formar j\u00f3venes sustentables<\/strong>, comprometidos con los objetivos de la <strong>Agenda 2030 de la ONU<\/strong>, contribuyendo a un entorno m\u00e1s saludable, responsable y consciente del impacto ambiental.<\/p>\n<p>Con este tipo de acciones, el Tecnol\u00f3gico reafirma su papel como <strong>instituci\u00f3n l\u00edder en educaci\u00f3n sustentable<\/strong>, impulsando la participaci\u00f3n activa de su comunidad en proyectos que promueven el cuidado del planeta y la salud integral.<\/p>\n<p><img loading=\"lazy\" decoding=\"async\" class=\"alignnone size-full wp-image-2259\" src=\"https:\/\/matehuala.tecnm.mx\/wp-content\/uploads\/2025\/10\/a1.jpg\" alt=\"\" width=\"1280\" height=\"960\" \/><\/p>\n<p>&nbsp;<\/p>\n<p><img loading=\"lazy\" decoding=\"async\" class=\"alignnone size-full wp-image-2261\" src=\"https:\/\/matehuala.tecnm.mx\/wp-content\/uploads\/2025\/10\/a3.jpg\" alt=\"\" width=\"1280\" height=\"960\" \/><\/p>\n","protected":false},"excerpt":{"rendered":"<p>En cumplimiento del compromiso ambiental del Tecnol\u00f3gico Nacional de M\u00e9xico y como parte de las acciones que promueve el TecNM &#8211; Matehuala en favor del medio ambiente, el Comit\u00e9 de [&hellip;]<\/p>\n","protected":false},"author":4,"featured_media":0,"parent":0,"menu_order":0,"comment_status":"closed","ping_status":"closed","template":"","meta":{"footnotes":""},"class_list":["post-2258","page","type-page","status-publish","hentry"],"_links":{"self":[{"href":"https:\/\/matehuala.tecnm.mx\/index.php?rest_route=\/wp\/v2\/pages\/2258","targetHints":{"allow":["GET"]}}],"collection":[{"href":"https:\/\/matehuala.tecnm.mx\/index.php?rest_route=\/wp\/v2\/pages"}],"about":[{"href":"https:\/\/matehuala.tecnm.mx\/index.php?rest_route=\/wp\/v2\/types\/page"}],"author":[{"embeddable":true,"href":"https:\/\/matehuala.tecnm.mx\/index.php?rest_route=\/wp\/v2\/users\/4"}],"replies":[{"embeddable":true,"href":"https:\/\/matehuala.tecnm.mx\/index.php?rest_route=%2Fwp%2Fv2%2Fcomments&post=2258"}],"version-history":[{"count":1,"href":"https:\/\/matehuala.tecnm.mx\/index.php?rest_route=\/wp\/v2\/pages\/2258\/revisions"}],"predecessor-version":[{"id":2263,"href":"https:\/\/matehuala.tecnm.mx\/index.php?rest_route=\/wp\/v2\/pages\/2258\/revisions\/2263"}],"wp:attachment":[{"href":"https:\/\/matehuala.tecnm.mx\/index.php?rest_route=%2Fwp%2Fv2%2Fmedia&parent=2258"}],"curies":[{"name":"wp","href":"https:\/\/api.w.org\/{rel}","templated":true}]}}