{"id":2363,"date":"2026-01-27T12:41:08","date_gmt":"2026-01-27T18:41:08","guid":{"rendered":"https:\/\/matehuala.tecnm.mx\/?page_id=2363"},"modified":"2026-01-27T12:42:48","modified_gmt":"2026-01-27T18:42:48","slug":"agenda-2030","status":"publish","type":"page","link":"https:\/\/matehuala.tecnm.mx\/?page_id=2363","title":{"rendered":"Agenda 2030"},"content":{"rendered":"\n<p><strong>Fomentando una cultura de optimizaci\u00f3n de recursos, conciencia ambiental y valores, en cumplimiento con la Agenda 2030.<\/strong><\/p>\n\n\n\n<p><strong>Introducci\u00f3n<\/strong><br>El Instituto Tecnol\u00f3gico de Matehuala, en congruencia con los objetivos estrat\u00e9gicos del Tecnol\u00f3gico Nacional de M\u00e9xico, impulsa y desarrolla acciones que contribuyen al cuidado y la preservaci\u00f3n de nuestro entorno. A trav\u00e9s del <strong>Comit\u00e9 de Sustentabilidad<\/strong>, implementamos programas transversales orientados a la gesti\u00f3n sostenible y el uso eficiente de los recursos.<\/p>\n\n\n\n<p><strong>Funci\u00f3n del Comit\u00e9<\/strong><br>Nuestro Comit\u00e9 es el responsable de <strong>implementar, difundir y sensibilizar<\/strong> a la comunidad tecnol\u00f3gica (estudiantes, docentes y personal administrativo) sobre las directrices y las tres iniciativas prioritarias establecidas por la Direcci\u00f3n General del TecNM, buscando la mejora continua y el bienestar integral.<\/p>\n","protected":false},"excerpt":{"rendered":"<p>Fomentando una cultura de optimizaci\u00f3n de recursos, conciencia ambiental y valores, en cumplimiento con la Agenda 2030. Introducci\u00f3nEl Instituto Tecnol\u00f3gico de Matehuala, en congruencia con los objetivos estrat\u00e9gicos del Tecnol\u00f3gico [&hellip;]<\/p>\n","protected":false},"author":4,"featured_media":0,"parent":0,"menu_order":0,"comment_status":"closed","ping_status":"closed","template":"","meta":{"footnotes":""},"class_list":["post-2363","page","type-page","status-publish","hentry"],"_links":{"self":[{"href":"https:\/\/matehuala.tecnm.mx\/index.php?rest_route=\/wp\/v2\/pages\/2363","targetHints":{"allow":["GET"]}}],"collection":[{"href":"https:\/\/matehuala.tecnm.mx\/index.php?rest_route=\/wp\/v2\/pages"}],"about":[{"href":"https:\/\/matehuala.tecnm.mx\/index.php?rest_route=\/wp\/v2\/types\/page"}],"author":[{"embeddable":true,"href":"https:\/\/matehuala.tecnm.mx\/index.php?rest_route=\/wp\/v2\/users\/4"}],"replies":[{"embeddable":true,"href":"https:\/\/matehuala.tecnm.mx\/index.php?rest_route=%2Fwp%2Fv2%2Fcomments&post=2363"}],"version-history":[{"count":2,"href":"https:\/\/matehuala.tecnm.mx\/index.php?rest_route=\/wp\/v2\/pages\/2363\/revisions"}],"predecessor-version":[{"id":2366,"href":"https:\/\/matehuala.tecnm.mx\/index.php?rest_route=\/wp\/v2\/pages\/2363\/revisions\/2366"}],"wp:attachment":[{"href":"https:\/\/matehuala.tecnm.mx\/index.php?rest_route=%2Fwp%2Fv2%2Fmedia&parent=2363"}],"curies":[{"name":"wp","href":"https:\/\/api.w.org\/{rel}","templated":true}]}}