{"id":25,"date":"2023-08-09T17:44:36","date_gmt":"2023-08-09T17:44:36","guid":{"rendered":"https:\/\/matehuala.tecnm.mx\/pruebaspagina\/?page_id=25"},"modified":"2023-08-18T09:45:52","modified_gmt":"2023-08-18T15:45:52","slug":"filosofia-institucional","status":"publish","type":"page","link":"https:\/\/matehuala.tecnm.mx\/?page_id=25","title":{"rendered":"Filosofia Institucional"},"content":{"rendered":"\n<p><\/p>\n\n\n\n<h3 class=\"wp-block-heading\">Misi\u00f3n<\/h3>\n\n\n\n<p>&#8220;Ofrecer educaci\u00f3n superior tecnol\u00f3gica con un enfoque integral para formar profesionistas socialmente responsables&#8221;<\/p>\n\n\n\n<h2 class=\"wp-block-heading\">Visi\u00f3n<\/h2>\n\n\n\n<p>\ufeff \u2018\u2019Ser un centro educativo reconocido por su compromiso con la educaci\u00f3n integral y por el desempe\u00f1o destacado de sus egresados\u2019&nbsp;<\/p>\n\n\n\n<h2 class=\"wp-block-heading\">Valores institucionales:<\/h2>\n\n\n\n<ul class=\"wp-block-list\">\n<li>Inter\u00e9s p\u00fablico<\/li>\n\n\n\n<li>Respeto<\/li>\n\n\n\n<li>Igualdad y no discriminaci\u00f3n<\/li>\n\n\n\n<li>Equidad de g\u00e9nero<\/li>\n\n\n\n<li>Entorno cultural y ecol\u00f3gico<\/li>\n\n\n\n<li>Integridad<\/li>\n\n\n\n<li>Cooperaci\u00f3n<\/li>\n\n\n\n<li>Liderazgo<\/li>\n\n\n\n<li>Transparencia<\/li>\n\n\n\n<li>Rendici\u00f3n de cuentas<\/li>\n<\/ul>\n","protected":false},"excerpt":{"rendered":"<p>Misi\u00f3n &#8220;Ofrecer educaci\u00f3n superior tecnol\u00f3gica con un enfoque integral para formar profesionistas socialmente responsables&#8221; Visi\u00f3n \ufeff \u2018\u2019Ser un centro educativo reconocido por su compromiso con la educaci\u00f3n integral y por [&hellip;]<\/p>\n","protected":false},"author":1,"featured_media":0,"parent":0,"menu_order":0,"comment_status":"closed","ping_status":"closed","template":"","meta":{"footnotes":""},"class_list":["post-25","page","type-page","status-publish","hentry"],"_links":{"self":[{"href":"https:\/\/matehuala.tecnm.mx\/index.php?rest_route=\/wp\/v2\/pages\/25","targetHints":{"allow":["GET"]}}],"collection":[{"href":"https:\/\/matehuala.tecnm.mx\/index.php?rest_route=\/wp\/v2\/pages"}],"about":[{"href":"https:\/\/matehuala.tecnm.mx\/index.php?rest_route=\/wp\/v2\/types\/page"}],"author":[{"embeddable":true,"href":"https:\/\/matehuala.tecnm.mx\/index.php?rest_route=\/wp\/v2\/users\/1"}],"replies":[{"embeddable":true,"href":"https:\/\/matehuala.tecnm.mx\/index.php?rest_route=%2Fwp%2Fv2%2Fcomments&post=25"}],"version-history":[{"count":3,"href":"https:\/\/matehuala.tecnm.mx\/index.php?rest_route=\/wp\/v2\/pages\/25\/revisions"}],"predecessor-version":[{"id":560,"href":"https:\/\/matehuala.tecnm.mx\/index.php?rest_route=\/wp\/v2\/pages\/25\/revisions\/560"}],"wp:attachment":[{"href":"https:\/\/matehuala.tecnm.mx\/index.php?rest_route=%2Fwp%2Fv2%2Fmedia&parent=25"}],"curies":[{"name":"wp","href":"https:\/\/api.w.org\/{rel}","templated":true}]}}