{"id":29,"date":"2023-08-09T17:48:51","date_gmt":"2023-08-09T17:48:51","guid":{"rendered":"https:\/\/matehuala.tecnm.mx\/pruebaspagina\/?page_id=29"},"modified":"2023-08-09T18:45:43","modified_gmt":"2023-08-09T18:45:43","slug":"historia","status":"publish","type":"page","link":"https:\/\/matehuala.tecnm.mx\/?page_id=29","title":{"rendered":"Historia"},"content":{"rendered":"\n<h3 class=\"wp-block-heading\">SEMBLANZA HIST\u00d3RICA DEL ITMH<\/h3>\n\n\n\n<p>El Instituto Tecnol\u00f3gico de Matehuala, tiene su origen como extensi\u00f3n del Instituto Tecnol\u00f3gico de San Luis Potos\u00ed, misma que funcion\u00f3 a partir del a\u00f1o 1982 al a\u00f1o 1991, en el edificio del DIF Municipal, iniciando con las carreras de Ingenier\u00eda Civil e Ingenier\u00eda Industrial. Fungiendo como coordinadores el Ing. Jos\u00e9 Antonio Baranda, Ing. Oscar Castillo Jim\u00e9nez, Ing. Hilario Gallegos, Ing. Jos\u00e9 Antonio Guti\u00e9rrez Sandoval y el Ing. Jos\u00e9 Cuauht\u00e9moc Chit\u00fan Garc\u00eda.<\/p>\n\n\n\n<p>Durante una visita del presidente Carlos Salinas de Gortari a la ciudad de Matehuala, se le solicita la creaci\u00f3n del Instituto Tecnol\u00f3gico de Matehuala, hecho que se concreta y oficializa el 19 de junio de 1991, cre\u00e1ndose el Tecnol\u00f3gico N\u00famero 66 mediante el acto protocolario encabezado por el Dr. Esteban Hern\u00e1ndez P\u00e9rez, Director General de Institutos Tecnol\u00f3gicos y fungiendo como primer Director del Instituto Tecnol\u00f3gico de Matehuala el Ing. Armando Mart\u00ednez Aspeitia.<\/p>\n\n\n\n<p>En ese momento se contaba con 371 alumnos en las carreras de Ingenier\u00eda civil, Ingenier\u00eda Industrial en Producci\u00f3n y Licenciatura en Relaciones Industriales, apoyados por 64 trabajadores. A partir de 1993, se ofrecen las carreras de Licenciatura en Administraci\u00f3n y Licenciatura en Inform\u00e1tica, ambas con 62 alumnos.<\/p>\n\n\n\n<p>El 1 de diciembre de 2004, el Instituto Tecnol\u00f3gico de Matehuala logra la certificaci\u00f3n en ISO 9001:2000, posteriormente en ISO 9001:2008 y certificaci\u00f3n del Modelo de Equidad de G\u00e9nero MEG:2012.<\/p>\n\n\n\n<p>La Secretar\u00eda de Educaci\u00f3n P\u00fablica reconoci\u00f3 al Tecnol\u00f3gico de Matehuala por tener el 100% de programas acreditables en Noviembre del 2012.<\/p>\n\n\n\n<p>El edificio Multifuncional fue inaugurado por el Gobernador del Estado Dr. Fernando Toranzo Fern\u00e1ndez, el Dr. Carlos Alfonso Garc\u00eda Ibarra en el 2012 todav\u00eda director General de Educaci\u00f3n Superior Tecnol\u00f3gica y el Ing. Rogelio Chavarr\u00eda Elizondo, entonces director del Instituto.<\/p>\n\n\n\n<p>El Campus Matehuala del Tecnol\u00f3gico Nacional de M\u00e9xico mantiene una certificaci\u00f3n ISO 9001:2015 en el proceso educativo y otra NMX-R-025-SCFI-2015 en Igualdad Laboral y No Discriminaci\u00f3n, ambas certificaciones avaladas por el Instituto Mexicano de Normalizaci\u00f3n y Certificaci\u00f3n, A.C. (IMNC).<\/p>\n\n\n\n<p>A la fecha se encuentran acreditados por Los Comit\u00e9s Interinstitucionales para la Evaluaci\u00f3n de la Educaci\u00f3n Superior, A.C. (CIEES) los programas educativos&nbsp;<strong>Ingenier\u00eda Industrial, Ingenier\u00eda Civil e Ingenier\u00eda en Gesti\u00f3n Empresarial.<\/strong><\/p>\n\n\n\n<p>En el ciclo escolar 2022-2023 se cuenta con una poblaci\u00f3n estudiantil de 1,600 alumnos repartidos en 5 carreras:<\/p>\n\n\n\n<ul class=\"wp-block-list\">\n<li><strong>Ing. Industrial<\/strong><\/li>\n\n\n\n<li><strong>Ing. Civil<\/strong><\/li>\n\n\n\n<li><strong>Ing. en Gesti\u00f3n Empresarial<\/strong><\/li>\n\n\n\n<li><strong>Lic. en Contadur\u00eda<\/strong><\/li>\n\n\n\n<li><strong>Ing. en Sistemas Computacionales&nbsp; &nbsp; &nbsp; &nbsp; &nbsp; &nbsp; &nbsp; &nbsp; &nbsp; &nbsp;<\/strong>&nbsp; &nbsp; &nbsp; &nbsp; &nbsp; &nbsp; &nbsp;<\/li>\n<\/ul>\n\n\n\n<p>Actualmente el Director de esta casa de estudios es el Matehualense: Dr. Jos\u00e9 Luis Lorenzo Bernal Robledo&nbsp;<\/p>\n\n\n<div class=\"wp-block-image is-style-default\">\n<figure class=\"aligncenter size-full is-resized\"><img decoding=\"async\" src=\"https:\/\/matehuala.tecnm.mx\/pruebaspagina\/wp-content\/uploads\/2023\/08\/itmh-2019.jpg\" alt=\"\" class=\"wp-image-65\" style=\"width:842px\" width=\"842\" srcset=\"https:\/\/matehuala.tecnm.mx\/wp-content\/uploads\/2023\/08\/itmh-2019.jpg 668w, https:\/\/matehuala.tecnm.mx\/wp-content\/uploads\/2023\/08\/itmh-2019-300x200.jpg 300w\" sizes=\"(max-width: 668px) 100vw, 668px\" \/><\/figure>\n<\/div>","protected":false},"excerpt":{"rendered":"<p>SEMBLANZA HIST\u00d3RICA DEL ITMH El Instituto Tecnol\u00f3gico de Matehuala, tiene su origen como extensi\u00f3n del Instituto Tecnol\u00f3gico de San Luis Potos\u00ed, misma que funcion\u00f3 a partir del a\u00f1o 1982 al [&hellip;]<\/p>\n","protected":false},"author":1,"featured_media":0,"parent":0,"menu_order":0,"comment_status":"closed","ping_status":"closed","template":"","meta":{"footnotes":""},"class_list":["post-29","page","type-page","status-publish","hentry"],"_links":{"self":[{"href":"https:\/\/matehuala.tecnm.mx\/index.php?rest_route=\/wp\/v2\/pages\/29","targetHints":{"allow":["GET"]}}],"collection":[{"href":"https:\/\/matehuala.tecnm.mx\/index.php?rest_route=\/wp\/v2\/pages"}],"about":[{"href":"https:\/\/matehuala.tecnm.mx\/index.php?rest_route=\/wp\/v2\/types\/page"}],"author":[{"embeddable":true,"href":"https:\/\/matehuala.tecnm.mx\/index.php?rest_route=\/wp\/v2\/users\/1"}],"replies":[{"embeddable":true,"href":"https:\/\/matehuala.tecnm.mx\/index.php?rest_route=%2Fwp%2Fv2%2Fcomments&post=29"}],"version-history":[{"count":4,"href":"https:\/\/matehuala.tecnm.mx\/index.php?rest_route=\/wp\/v2\/pages\/29\/revisions"}],"predecessor-version":[{"id":67,"href":"https:\/\/matehuala.tecnm.mx\/index.php?rest_route=\/wp\/v2\/pages\/29\/revisions\/67"}],"wp:attachment":[{"href":"https:\/\/matehuala.tecnm.mx\/index.php?rest_route=%2Fwp%2Fv2%2Fmedia&parent=29"}],"curies":[{"name":"wp","href":"https:\/\/api.w.org\/{rel}","templated":true}]}}