{"id":38,"date":"2023-08-09T18:08:38","date_gmt":"2023-08-09T18:08:38","guid":{"rendered":"https:\/\/matehuala.tecnm.mx\/pruebaspagina\/?page_id=38"},"modified":"2026-03-03T17:11:57","modified_gmt":"2026-03-03T23:11:57","slug":"directorio","status":"publish","type":"page","link":"https:\/\/matehuala.tecnm.mx\/?page_id=38","title":{"rendered":"Directorio Telef\u00f3nico \u260e"},"content":{"rendered":"\n<h3 class=\"wp-block-heading has-text-align-center\">Tel\u00e9fonos:<\/h3>\n\n\n\n<p class=\"has-text-align-center\"><strong>\u260e 488 88 2 1314 <\/strong>  <strong>\u260e 488 88 2 3877<\/strong>   <strong>\u260e 488 88 2 5977<\/strong>   <strong>\u260e 488 88 2 5981<\/strong> <strong><strong>\u260e <\/strong>488 88 7 8243<\/strong><\/p>\n\n\n\n<figure class=\"wp-block-table aligncenter is-style-stripes\"><table><tbody><tr><td class=\"has-text-align-center\" data-align=\"center\"><mark style=\"background-color:rgba(0, 0, 0, 0);color:#0177b3\" class=\"has-inline-color\"><strong>Departamento<\/strong><\/mark><\/td><td><strong><mark style=\"background-color:rgba(0, 0, 0, 0);color:#0171bf\" class=\"has-inline-color\">Responsable<\/mark><\/strong><mark style=\"background-color:rgba(0, 0, 0, 0);color:#0171bf\" class=\"has-inline-color\"><mark style=\"background-color:rgba(0, 0, 0, 0);color:#0171bf\" class=\"has-inline-color\"><\/mark><\/mark><\/td><td><mark style=\"background-color:rgba(0, 0, 0, 0);color:#0171bf\" class=\"has-inline-color\"><strong>Ext<\/strong><\/mark> <\/td><td class=\"has-text-align-center\" data-align=\"center\"><mark style=\"background-color:rgba(0, 0, 0, 0);color:#0171bf\" class=\"has-inline-color\"><strong>Correo Electr\u00f3nico<\/strong><\/mark><\/td><\/tr><tr><td class=\"has-text-align-center\" data-align=\"center\">Director<\/td><td>Dr. Jos\u00e9 Luis L. Bernal Robledo<\/td><td>101<\/td><td class=\"has-text-align-center\" data-align=\"center\">dir_matehuala@tecnm.mx<\/td><\/tr><tr><td class=\"has-text-align-center\" data-align=\"center\">Recepci\u00f3n de Direcci\u00f3n<\/td><td>Lic. Karla Denisse Pe\u00f1aflor Garc\u00eda<\/td><td>101<\/td><td class=\"has-text-align-center\" data-align=\"center\">contacto@matehuala.tecnm.mx<\/td><\/tr><tr><td class=\"has-text-align-center\" data-align=\"center\">Subdirector Acad\u00e9mico<\/td><td>Lic. Pedro Pablo Mart\u00ednez Carmona<\/td><td>182<\/td><td class=\"has-text-align-center\" data-align=\"center\">acad_matehuala@tecnm.mx<\/td><\/tr><tr><td class=\"has-text-align-center\" data-align=\"center\">Subdirector de Planeaci\u00f3n y Vinculaci\u00f3n<\/td><td>Lic. Roman Cruz Arriaga<\/td><td>113<\/td><td class=\"has-text-align-center\" data-align=\"center\">plan_matehuala@tecnm.mx<\/td><\/tr><tr><td class=\"has-text-align-center\" data-align=\"center\">Subdirectora de Servicios Administrativos<\/td><td>Ing. Christian Imelda Ledesma Moreno<\/td><td>128<\/td><td class=\"has-text-align-center\" data-align=\"center\">admon_matehuala@tecnm.mx<\/td><\/tr><tr><td class=\"has-text-align-center\" data-align=\"center\">Jefe de Departamento de Ciencias B\u00e1sicas<\/td><td>Ing. Armando Hern\u00e1ndez Tovar<\/td><td>130<\/td><td class=\"has-text-align-center\" data-align=\"center\">cbas_matehuala@tecnm.mx<\/td><\/tr><tr><td class=\"has-text-align-center\" data-align=\"center\">Jefa del Departamento de Sistemas y Computaci\u00f3n<\/td><td>Lic. Alma Rosa Trist\u00e1n Flores<\/td><td>111<\/td><td class=\"has-text-align-center\" data-align=\"center\">sistemas@matehuala.tecnm.mx<\/td><\/tr><tr><td class=\"has-text-align-center\" data-align=\"center\">Jefa del Departamento de Ingenier\u00eda Industrial<\/td><td>Lic. Margarita Coronado Orozco<\/td><td>132<\/td><td class=\"has-text-align-center\" data-align=\"center\">ing_matehuala@tecnm.mx<\/td><\/tr><tr><td class=\"has-text-align-center\" data-align=\"center\">Jefe del Departamento de Ciencias de la Tierra<\/td><td>Ing. Anatolio Alviso Carrizales<\/td><td>120<\/td><td class=\"has-text-align-center\" data-align=\"center\">c_tierra@matehuala.tecnm.mx<\/td><\/tr><tr><td class=\"has-text-align-center\" data-align=\"center\">Jefa del Departamento de Ciencias Econ\u00f3mico-Administrativas<\/td><td>Ing. Thelma Carrillo L\u00f3pez<\/td><td>142<\/td><td class=\"has-text-align-center\" data-align=\"center\">cead_matehuala@tecnm.mx<\/td><\/tr><tr><td class=\"has-text-align-center\" data-align=\"center\">Jefe de la Divisi\u00f3n de Estudios Profesionales<\/td><td>Ing. Juan Jos\u00e9 Garay Mendoza<\/td><td>195<\/td><td class=\"has-text-align-center\" data-align=\"center\">dep_matehuala@tecnm.mx<\/td><\/tr><tr><td class=\"has-text-align-center\" data-align=\"center\">Coordinaci\u00f3n Ing. Industrial<\/td><td>Ing. Mayra Alejandra Romero L\u00f3pez<\/td><td>198<\/td><td class=\"has-text-align-center\" data-align=\"center\">coor_industrial@matehuala.tecnm.mx<\/td><\/tr><tr><td class=\"has-text-align-center\" data-align=\"center\">Coordinaci\u00f3n Ing.&nbsp; Civil<\/td><td>M.A. Roc\u00edo Vel\u00e1zquez Nava<\/td><td>196<\/td><td class=\"has-text-align-center\" data-align=\"center\">coor_civil@matehuala.tecnm.mx<\/td><\/tr><tr><td class=\"has-text-align-center\" data-align=\"center\">Coordinaci\u00f3n Contador P\u00fablico<\/td><td>Ing. Mayra Alejandra Romero L\u00f3pez<\/td><td>198<\/td><td class=\"has-text-align-center\" data-align=\"center\">coor_contador@matehuala.tecnm.mx<\/td><\/tr><tr><td class=\"has-text-align-center\" data-align=\"center\">Coordinaci\u00f3n Ing. en Sistemas Computacionales<\/td><td>M.E.D.I. Maricela Garay Hern\u00e1ndez<\/td><td>197<\/td><td class=\"has-text-align-center\" data-align=\"center\">coor_sist@matehuala.tecnm.mx<\/td><\/tr><tr><td class=\"has-text-align-center\" data-align=\"center\">Coordinaci\u00f3n Ing. en Gesti\u00f3n Empresarial<\/td><td>M.E.D.I. Maricela Garay Hen\u00e1ndez<\/td><td>197<\/td><td class=\"has-text-align-center\" data-align=\"center\">coor_ige@matehuala.tecnm.mx<\/td><\/tr><tr><td class=\"has-text-align-center\" data-align=\"center\">Coordinaci\u00f3n de Titulaci\u00f3n<\/td><td>Ing. Juan Jos\u00e9 Garay Mendoza<\/td><td>195<\/td><td class=\"has-text-align-center\" data-align=\"center\">coor_titulacion@matehuala.tecnm.mx<\/td><\/tr><tr><td class=\"has-text-align-center\" data-align=\"center\">Jefa del Departamento de Desarrollo Acad\u00e9mico<\/td><td>Ing. Arlene Marina Barrag\u00e1n Ram\u00edrez<\/td><td>114<\/td><td class=\"has-text-align-center\" data-align=\"center\">dda_matehuala@tecnm.mx<\/td><\/tr><tr><td class=\"has-text-align-center\" data-align=\"center\">Jefa del Departamento de Planeaci\u00f3n, Programaci\u00f3n y Presupuestaci\u00f3n<\/td><td>Ing. Ilse Liliana S\u00e1nchez Esquivel<\/td><td>104<\/td><td class=\"has-text-align-center\" data-align=\"center\">pl_matehuala@tecnm.mx<\/td><\/tr><tr><td class=\"has-text-align-center\" data-align=\"center\">Jefa del Departamento de Servicios Escolares<\/td><td>Lic. Martha Beatriz Coronado Rosales<\/td><td>107<\/td><td class=\"has-text-align-center\" data-align=\"center\">se_matehuala@tecnm.mx<\/td><\/tr><tr><td class=\"has-text-align-center\" data-align=\"center\">Servicios Escolares, Control Escolar<\/td><td>Constancias, Calificaciones, Becas, etc<\/td><td>138<\/td><td class=\"has-text-align-center\" data-align=\"center\">escolares@matehuala.tecnm.mx<\/td><\/tr><tr><td class=\"has-text-align-center\" data-align=\"center\">Jefe del Departamento de Comunicaci\u00f3n y Difusi\u00f3n<\/td><td>M.A.P. Jos\u00e9 Ismael Leyva Nava<\/td><td>108<\/td><td class=\"has-text-align-center\" data-align=\"center\">cyd_matehuala@tecnm.mx<\/td><\/tr><tr><td class=\"has-text-align-center\" data-align=\"center\">Jefa del Departamento de Gesti\u00f3n Tecnol\u00f3gica y Vinculaci\u00f3n<\/td><td>Ing. Estefany Giovana Castorena Oliva <\/td><td>116<\/td><td class=\"has-text-align-center\" data-align=\"center\">vin_matehuala@tecnm.mx<\/td><\/tr><tr><td class=\"has-text-align-center\" data-align=\"center\">Servicio Social<\/td><td><\/td><td>109<\/td><td class=\"has-text-align-center\" data-align=\"center\">s_social@matehuala.tecnm.mx<\/td><\/tr><tr><td class=\"has-text-align-center\" data-align=\"center\">Jefe del Departamento de Actividades Extraescolares<\/td><td>Ing. Mario Mata Ontiveros<\/td><td>135<\/td><td class=\"has-text-align-center\" data-align=\"center\">ext_matehuala@tecnm.mx<\/td><\/tr><tr><td class=\"has-text-align-center\" data-align=\"center\">Jefe del Departamento del Centro de Informaci\u00f3n<\/td><td>Lic. Juan Jos\u00e9 Robles Conde<\/td><td>118<\/td><td class=\"has-text-align-center\" data-align=\"center\">ci_matehuala@tecnm.mx<\/td><\/tr><tr><td class=\"has-text-align-center\" data-align=\"center\">Jefa del Departamento de Recursos Financieros<\/td><td>C.P. Graciela Rodriguez Espinosa<\/td><td>129<\/td><td class=\"has-text-align-center\" data-align=\"center\">rf_matehuala@tecnm.mx<\/td><\/tr><tr><td class=\"has-text-align-center\" data-align=\"center\">Jefa del Departamento de Recursos Humanos<\/td><td>Lic. Ver\u00f3nica Isabel Ram\u00edrez Aguilar<\/td><td>110<\/td><td class=\"has-text-align-center\" data-align=\"center\">rh_matehuala@tecnm.mx<\/td><\/tr><tr><td class=\"has-text-align-center\" data-align=\"center\">Jefe del Departamento de Recursos Materiales y Servicios<\/td><td>Lic. Luis Gerardo Gatica Acevedo<\/td><td>121<\/td><td class=\"has-text-align-center\" data-align=\"center\">rm_matehuala@tecnm.mx<\/td><\/tr><tr><td class=\"has-text-align-center\" data-align=\"center\">Jefe del Departamento de Mantenimiento de Equipo<\/td><td><\/td><td>123<\/td><td class=\"has-text-align-center\" data-align=\"center\"><\/td><\/tr><tr><td class=\"has-text-align-center\" data-align=\"center\">Jefe del Centro de Computo<\/td><td>Ing. Jes\u00fas Neftaly Barr\u00f3n Barbosa<\/td><td>133<\/td><td class=\"has-text-align-center\" data-align=\"center\">cc_matehuala@tecnm.mx<\/td><\/tr><\/tbody><\/table><\/figure>\n","protected":false},"excerpt":{"rendered":"<p>Tel\u00e9fonos: \u260e 488 88 2 1314 \u260e 488 88 2 3877 \u260e 488 88 2 5977 \u260e 488 88 2 5981 \u260e 488 88 7 8243 Departamento Responsable Ext Correo [&hellip;]<\/p>\n","protected":false},"author":1,"featured_media":0,"parent":0,"menu_order":0,"comment_status":"closed","ping_status":"closed","template":"","meta":{"footnotes":""},"class_list":["post-38","page","type-page","status-publish","hentry"],"_links":{"self":[{"href":"https:\/\/matehuala.tecnm.mx\/index.php?rest_route=\/wp\/v2\/pages\/38","targetHints":{"allow":["GET"]}}],"collection":[{"href":"https:\/\/matehuala.tecnm.mx\/index.php?rest_route=\/wp\/v2\/pages"}],"about":[{"href":"https:\/\/matehuala.tecnm.mx\/index.php?rest_route=\/wp\/v2\/types\/page"}],"author":[{"embeddable":true,"href":"https:\/\/matehuala.tecnm.mx\/index.php?rest_route=\/wp\/v2\/users\/1"}],"replies":[{"embeddable":true,"href":"https:\/\/matehuala.tecnm.mx\/index.php?rest_route=%2Fwp%2Fv2%2Fcomments&post=38"}],"version-history":[{"count":24,"href":"https:\/\/matehuala.tecnm.mx\/index.php?rest_route=\/wp\/v2\/pages\/38\/revisions"}],"predecessor-version":[{"id":2451,"href":"https:\/\/matehuala.tecnm.mx\/index.php?rest_route=\/wp\/v2\/pages\/38\/revisions\/2451"}],"wp:attachment":[{"href":"https:\/\/matehuala.tecnm.mx\/index.php?rest_route=%2Fwp%2Fv2%2Fmedia&parent=38"}],"curies":[{"name":"wp","href":"https:\/\/api.w.org\/{rel}","templated":true}]}}