{"id":400,"date":"2023-08-13T05:54:55","date_gmt":"2023-08-13T05:54:55","guid":{"rendered":"https:\/\/matehuala.tecnm.mx\/pruebaspagina\/?page_id=400"},"modified":"2023-08-25T13:00:09","modified_gmt":"2023-08-25T19:00:09","slug":"b30-2023-visita-estudintes-tecnm-campus-nuevo-laredo","status":"publish","type":"page","link":"https:\/\/matehuala.tecnm.mx\/?page_id=400","title":{"rendered":"B30-2023 VISITA ESTUDI@NTES TECNM CAMPUS NUEVO LAREDO"},"content":{"rendered":"\n<img decoding=\"async\" src=\"https:\/\/matehuala.tecnm.mx\/pruebaspagina\/wp-content\/uploads\/2023\/08\/n1.jpg\" alt=\"n1\" itemprop=\"image\" title=\"n1\" onerror=\"this.style.display='none'\">\n\t<p>El Tecnol\u00f3gico Nacional de M\u00e9xico Campus Matehuala con gran afecto recibi\u00f3 la visita de 25 estudi@ntes de la carrera de Ingenier\u00eda Civil originarios del Tecnol\u00f3gico Nacional de M\u00e9xico Campus Nuevo Laredo en compa\u00f1\u00eda de sus docentes del \u00e1rea Ing.H\u00e9ctor Ram\u00edrez Mej\u00eda, Ing. Jos\u00e9 de Jes\u00fas Cort\u00e9s e Ing. Armando Jacobo.<\/p>\n<p>A su llegada fueron recibidos por el Director de nuestra casa de estudios Dr. Jos\u00e9 Luis Lorenzo Bernal Robledo quien en su mensaje les hizo saber a los j\u00f3venes, que todo lo que hacen los Ingenier@s Civiles va dirigido a la sociedad para la mejora de la vida humana, en esta visita estuvieron presentes los docentes del \u00e1rea de Ciencias de la Tierra, quienes encabezaron las pruebas realizadas en los laboratorios de Ingenier\u00eda Civil e Hidr\u00e1ulica y Sanitaria algunas de las pruebas fueron: Tronado de espec\u00edmenes en m\u00e1quina triaxial, Tronado de probeta de acero en m\u00e1quina universal, Pr\u00e1ctica de hidr\u00e1ulica en canal de pendiente variable, al finalizar se dio un recorrido por la Instituci\u00f3n. Fue un gusto y placer contar con su presencia, esperamos poder seguir interactuando y colaborando como Tecnol\u00f3gicos hermanos, para el bien de todos nuestros estudi@ntes.<\/p>\n","protected":false},"excerpt":{"rendered":"<p>El Tecnol\u00f3gico Nacional de M\u00e9xico Campus Matehuala con gran afecto recibi\u00f3 la visita de 25 estudi@ntes de la carrera de Ingenier\u00eda Civil originarios del Tecnol\u00f3gico Nacional de M\u00e9xico Campus Nuevo [&hellip;]<\/p>\n","protected":false},"author":1,"featured_media":0,"parent":0,"menu_order":0,"comment_status":"closed","ping_status":"closed","template":"","meta":{"footnotes":""},"class_list":["post-400","page","type-page","status-publish","hentry"],"_links":{"self":[{"href":"https:\/\/matehuala.tecnm.mx\/index.php?rest_route=\/wp\/v2\/pages\/400","targetHints":{"allow":["GET"]}}],"collection":[{"href":"https:\/\/matehuala.tecnm.mx\/index.php?rest_route=\/wp\/v2\/pages"}],"about":[{"href":"https:\/\/matehuala.tecnm.mx\/index.php?rest_route=\/wp\/v2\/types\/page"}],"author":[{"embeddable":true,"href":"https:\/\/matehuala.tecnm.mx\/index.php?rest_route=\/wp\/v2\/users\/1"}],"replies":[{"embeddable":true,"href":"https:\/\/matehuala.tecnm.mx\/index.php?rest_route=%2Fwp%2Fv2%2Fcomments&post=400"}],"version-history":[{"count":7,"href":"https:\/\/matehuala.tecnm.mx\/index.php?rest_route=\/wp\/v2\/pages\/400\/revisions"}],"predecessor-version":[{"id":666,"href":"https:\/\/matehuala.tecnm.mx\/index.php?rest_route=\/wp\/v2\/pages\/400\/revisions\/666"}],"wp:attachment":[{"href":"https:\/\/matehuala.tecnm.mx\/index.php?rest_route=%2Fwp%2Fv2%2Fmedia&parent=400"}],"curies":[{"name":"wp","href":"https:\/\/api.w.org\/{rel}","templated":true}]}}