{"id":422,"date":"2023-08-13T06:12:15","date_gmt":"2023-08-13T06:12:15","guid":{"rendered":"https:\/\/matehuala.tecnm.mx\/pruebaspagina\/?page_id=422"},"modified":"2023-08-13T06:12:15","modified_gmt":"2023-08-13T06:12:15","slug":"b35-2023-sede-de-la-graduacion-del-cbtis-151","status":"publish","type":"page","link":"https:\/\/matehuala.tecnm.mx\/?page_id=422","title":{"rendered":"B35-2023 Sede de la Graduaci\u00f3n del CBTis 151"},"content":{"rendered":"\n\n\t\t\t\t<img loading=\"lazy\" decoding=\"async\" src=\"https:\/\/matehuala.tecnm.mx\/pruebaspagina\/wp-content\/uploads\/2023\/08\/n6.jpg\" alt=\"n6\" itemprop=\"image\" height=\"1365\" width=\"2048\" title=\"n6\" onerror=\"this.style.display='none'\"  \/>\n\t<p>El d\u00eda de hoy TecNM Campus Matehuala abri\u00f3 sus puertas a estudi@ntes del Centro de Bachillerato Tecnol\u00f3gico Industrial y de Servicios No. 151 que lograron terminar con \u00e9xito su carrera t\u00e9cnica, la cual los deja en una posici\u00f3n \u00f3ptima para seguir form\u00e1ndose como profesion@les o insertarse con una mejor oportunidad a la vida laboral.<\/p>\n<p>La Ceremonia se desarroll\u00f3 en las instalaciones que ocupa el Gimnasio Auditorio del TecNM, se lleno de sentimientos en cada rinc\u00f3n con los familiares y padres de familia que abarrotaron el recinto para aplaudir orgullosos a sus respectivos gradu@dos.<\/p>\n\n","protected":false},"excerpt":{"rendered":"<p>El d\u00eda de hoy TecNM Campus Matehuala abri\u00f3 sus puertas a estudi@ntes del Centro de Bachillerato Tecnol\u00f3gico Industrial y de Servicios No. 151 que lograron terminar con \u00e9xito su carrera [&hellip;]<\/p>\n","protected":false},"author":1,"featured_media":0,"parent":0,"menu_order":0,"comment_status":"closed","ping_status":"closed","template":"","meta":{"footnotes":""},"class_list":["post-422","page","type-page","status-publish","hentry"],"_links":{"self":[{"href":"https:\/\/matehuala.tecnm.mx\/index.php?rest_route=\/wp\/v2\/pages\/422","targetHints":{"allow":["GET"]}}],"collection":[{"href":"https:\/\/matehuala.tecnm.mx\/index.php?rest_route=\/wp\/v2\/pages"}],"about":[{"href":"https:\/\/matehuala.tecnm.mx\/index.php?rest_route=\/wp\/v2\/types\/page"}],"author":[{"embeddable":true,"href":"https:\/\/matehuala.tecnm.mx\/index.php?rest_route=\/wp\/v2\/users\/1"}],"replies":[{"embeddable":true,"href":"https:\/\/matehuala.tecnm.mx\/index.php?rest_route=%2Fwp%2Fv2%2Fcomments&post=422"}],"version-history":[{"count":2,"href":"https:\/\/matehuala.tecnm.mx\/index.php?rest_route=\/wp\/v2\/pages\/422\/revisions"}],"predecessor-version":[{"id":425,"href":"https:\/\/matehuala.tecnm.mx\/index.php?rest_route=\/wp\/v2\/pages\/422\/revisions\/425"}],"wp:attachment":[{"href":"https:\/\/matehuala.tecnm.mx\/index.php?rest_route=%2Fwp%2Fv2%2Fmedia&parent=422"}],"curies":[{"name":"wp","href":"https:\/\/api.w.org\/{rel}","templated":true}]}}