{"id":50,"date":"2023-08-09T18:12:55","date_gmt":"2023-08-09T18:12:55","guid":{"rendered":"https:\/\/matehuala.tecnm.mx\/pruebaspagina\/?page_id=50"},"modified":"2023-08-18T10:22:30","modified_gmt":"2023-08-18T16:22:30","slug":"modelo-educativo-para-el-siglo-xxi-formacion-y-desarrollo-de-competencias-profesionales","status":"publish","type":"page","link":"https:\/\/matehuala.tecnm.mx\/?page_id=50","title":{"rendered":"Modelo Educativo para el Siglo XXI: Formaci\u00f3n y desarrollo de competencias profesionales"},"content":{"rendered":"\n<p>El Modelo Educativo para el Siglo XXI: Formaci\u00f3n y desarrollo de competencias profesionales orienta el proceso educativo central a la formaci\u00f3n de profesionales que impulsen la actividad productiva en cada regi\u00f3n del pa\u00eds, la investigaci\u00f3n cient\u00edfica, la innovaci\u00f3n tecnol\u00f3gica, la transferencia de tecnolog\u00edas, la creatividad y el emprendedurismo para alcanzar un mayor desarrollo social, econ\u00f3mico, cultural y humano.<\/p>\n\n\n\n<p>Estamos seguros de que nuestros egresados ser\u00e1n aptos para contribuir en la construcci\u00f3n de la sociedad del conocimiento, participar en los espacios comunes de la educaci\u00f3n superior tecnol\u00f3gica y asumirse como actores protag\u00f3nicos del cambio.<\/p>\n\n\n\n<p><\/p>\n\n\n\n<div data-wp-interactive=\"core\/file\" class=\"wp-block-file\"><object data-wp-bind--hidden=\"!state.hasPdfPreview\" hidden class=\"wp-block-file__embed\" data=\"https:\/\/matehuala.tecnm.mx\/wp-content\/uploads\/2023\/08\/Para_el_siglo_XXI.pdf\" type=\"application\/pdf\" style=\"width:100%;height:670px\" aria-label=\"Incrustado de Para_el_siglo_XXI.\"><\/object><a id=\"wp-block-file--media-b269b5fa-7c26-4826-bb8d-d4dbaf26cca7\" href=\"https:\/\/matehuala.tecnm.mx\/wp-content\/uploads\/2023\/08\/Para_el_siglo_XXI.pdf\">Para_el_siglo_XXI<\/a><a href=\"https:\/\/matehuala.tecnm.mx\/wp-content\/uploads\/2023\/08\/Para_el_siglo_XXI.pdf\" class=\"wp-block-file__button wp-element-button\" download aria-describedby=\"wp-block-file--media-b269b5fa-7c26-4826-bb8d-d4dbaf26cca7\"><mark style=\"background-color:rgba(0, 0, 0, 0)\" class=\"has-inline-color has-white-color\">Descarga<\/mark><\/a><\/div>\n","protected":false},"excerpt":{"rendered":"<p>El Modelo Educativo para el Siglo XXI: Formaci\u00f3n y desarrollo de competencias profesionales orienta el proceso educativo central a la formaci\u00f3n de profesionales que impulsen la actividad productiva en cada [&hellip;]<\/p>\n","protected":false},"author":1,"featured_media":0,"parent":0,"menu_order":0,"comment_status":"closed","ping_status":"closed","template":"","meta":{"footnotes":""},"class_list":["post-50","page","type-page","status-publish","hentry"],"_links":{"self":[{"href":"https:\/\/matehuala.tecnm.mx\/index.php?rest_route=\/wp\/v2\/pages\/50","targetHints":{"allow":["GET"]}}],"collection":[{"href":"https:\/\/matehuala.tecnm.mx\/index.php?rest_route=\/wp\/v2\/pages"}],"about":[{"href":"https:\/\/matehuala.tecnm.mx\/index.php?rest_route=\/wp\/v2\/types\/page"}],"author":[{"embeddable":true,"href":"https:\/\/matehuala.tecnm.mx\/index.php?rest_route=\/wp\/v2\/users\/1"}],"replies":[{"embeddable":true,"href":"https:\/\/matehuala.tecnm.mx\/index.php?rest_route=%2Fwp%2Fv2%2Fcomments&post=50"}],"version-history":[{"count":6,"href":"https:\/\/matehuala.tecnm.mx\/index.php?rest_route=\/wp\/v2\/pages\/50\/revisions"}],"predecessor-version":[{"id":599,"href":"https:\/\/matehuala.tecnm.mx\/index.php?rest_route=\/wp\/v2\/pages\/50\/revisions\/599"}],"wp:attachment":[{"href":"https:\/\/matehuala.tecnm.mx\/index.php?rest_route=%2Fwp%2Fv2%2Fmedia&parent=50"}],"curies":[{"name":"wp","href":"https:\/\/api.w.org\/{rel}","templated":true}]}}