{"id":500,"date":"2023-08-17T15:48:36","date_gmt":"2023-08-17T15:48:36","guid":{"rendered":"https:\/\/matehuala.tecnm.mx\/itmh\/?page_id=500"},"modified":"2023-08-18T09:56:23","modified_gmt":"2023-08-18T15:56:23","slug":"codigo-de-etica-de-las-personas-servidoras-publicas-del-gobierno-federal","status":"publish","type":"page","link":"https:\/\/matehuala.tecnm.mx\/?page_id=500","title":{"rendered":"C\u00f3digo de \u00c9tica de las Personas Servidoras P\u00fablicas del Gobierno Federal"},"content":{"rendered":"\n<div data-wp-interactive=\"core\/file\" class=\"wp-block-file\"><object data-wp-bind--hidden=\"!state.hasPdfPreview\" hidden class=\"wp-block-file__embed\" data=\"https:\/\/matehuala.tecnm.mx\/wp-content\/uploads\/2023\/08\/Co_digo_de_E_tica_de_la_Administracio_n_Pu_blica_Federal.pdf\" type=\"application\/pdf\" style=\"width:100%;height:600px\" aria-label=\"Incrustado de Co_digo_de_E_tica_de_la_Administracio_n_Pu_blica_Federal.\"><\/object><a id=\"wp-block-file--media-52c1f500-81ac-40c0-9f81-53d3e8da426f\" href=\"https:\/\/matehuala.tecnm.mx\/wp-content\/uploads\/2023\/08\/Co_digo_de_E_tica_de_la_Administracio_n_Pu_blica_Federal.pdf\">Co_digo_de_E_tica_de_la_Administracio_n_Pu_blica_Federal<\/a><a href=\"https:\/\/matehuala.tecnm.mx\/wp-content\/uploads\/2023\/08\/Co_digo_de_E_tica_de_la_Administracio_n_Pu_blica_Federal.pdf\" class=\"wp-block-file__button wp-element-button\" download aria-describedby=\"wp-block-file--media-52c1f500-81ac-40c0-9f81-53d3e8da426f\">Descarga<\/a><\/div>\n","protected":false},"excerpt":{"rendered":"","protected":false},"author":1,"featured_media":0,"parent":0,"menu_order":0,"comment_status":"closed","ping_status":"closed","template":"","meta":{"footnotes":""},"class_list":["post-500","page","type-page","status-publish","hentry"],"_links":{"self":[{"href":"https:\/\/matehuala.tecnm.mx\/index.php?rest_route=\/wp\/v2\/pages\/500","targetHints":{"allow":["GET"]}}],"collection":[{"href":"https:\/\/matehuala.tecnm.mx\/index.php?rest_route=\/wp\/v2\/pages"}],"about":[{"href":"https:\/\/matehuala.tecnm.mx\/index.php?rest_route=\/wp\/v2\/types\/page"}],"author":[{"embeddable":true,"href":"https:\/\/matehuala.tecnm.mx\/index.php?rest_route=\/wp\/v2\/users\/1"}],"replies":[{"embeddable":true,"href":"https:\/\/matehuala.tecnm.mx\/index.php?rest_route=%2Fwp%2Fv2%2Fcomments&post=500"}],"version-history":[{"count":2,"href":"https:\/\/matehuala.tecnm.mx\/index.php?rest_route=\/wp\/v2\/pages\/500\/revisions"}],"predecessor-version":[{"id":567,"href":"https:\/\/matehuala.tecnm.mx\/index.php?rest_route=\/wp\/v2\/pages\/500\/revisions\/567"}],"wp:attachment":[{"href":"https:\/\/matehuala.tecnm.mx\/index.php?rest_route=%2Fwp%2Fv2%2Fmedia&parent=500"}],"curies":[{"name":"wp","href":"https:\/\/api.w.org\/{rel}","templated":true}]}}