{"id":505,"date":"2023-08-17T15:56:30","date_gmt":"2023-08-17T15:56:30","guid":{"rendered":"https:\/\/matehuala.tecnm.mx\/itmh\/?page_id=505"},"modified":"2023-08-18T09:48:43","modified_gmt":"2023-08-18T15:48:43","slug":"codigo-de-conducta-del-tecnologico-nacional-de-mexico","status":"publish","type":"page","link":"https:\/\/matehuala.tecnm.mx\/?page_id=505","title":{"rendered":"C\u00f3digo de Conducta del Tecnol\u00f3gico Nacional de M\u00e9xico"},"content":{"rendered":"\n<div data-wp-interactive=\"core\/file\" class=\"wp-block-file\"><object data-wp-bind--hidden=\"!state.hasPdfPreview\" hidden class=\"wp-block-file__embed\" data=\"https:\/\/matehuala.tecnm.mx\/wp-content\/uploads\/2023\/08\/M00-CC-01_Codigo_de_Conducta_del_TecNM.pdf\" type=\"application\/pdf\" style=\"width:100%;height:600px\" aria-label=\"Incrustado de M00-CC-01_Codigo_de_Conducta_del_TecNM.\"><\/object><a id=\"wp-block-file--media-e0014cbf-e96f-4bad-9426-b3aecedcd5e5\" href=\"https:\/\/matehuala.tecnm.mx\/wp-content\/uploads\/2023\/08\/M00-CC-01_Codigo_de_Conducta_del_TecNM.pdf\">M00-CC-01_Codigo_de_Conducta_del_TecNM<\/a><a href=\"https:\/\/matehuala.tecnm.mx\/wp-content\/uploads\/2023\/08\/M00-CC-01_Codigo_de_Conducta_del_TecNM.pdf\" class=\"wp-block-file__button wp-element-button\" download aria-describedby=\"wp-block-file--media-e0014cbf-e96f-4bad-9426-b3aecedcd5e5\">Descarga<\/a><\/div>\n","protected":false},"excerpt":{"rendered":"","protected":false},"author":1,"featured_media":0,"parent":0,"menu_order":0,"comment_status":"closed","ping_status":"closed","template":"","meta":{"footnotes":""},"class_list":["post-505","page","type-page","status-publish","hentry"],"_links":{"self":[{"href":"https:\/\/matehuala.tecnm.mx\/index.php?rest_route=\/wp\/v2\/pages\/505","targetHints":{"allow":["GET"]}}],"collection":[{"href":"https:\/\/matehuala.tecnm.mx\/index.php?rest_route=\/wp\/v2\/pages"}],"about":[{"href":"https:\/\/matehuala.tecnm.mx\/index.php?rest_route=\/wp\/v2\/types\/page"}],"author":[{"embeddable":true,"href":"https:\/\/matehuala.tecnm.mx\/index.php?rest_route=\/wp\/v2\/users\/1"}],"replies":[{"embeddable":true,"href":"https:\/\/matehuala.tecnm.mx\/index.php?rest_route=%2Fwp%2Fv2%2Fcomments&post=505"}],"version-history":[{"count":3,"href":"https:\/\/matehuala.tecnm.mx\/index.php?rest_route=\/wp\/v2\/pages\/505\/revisions"}],"predecessor-version":[{"id":564,"href":"https:\/\/matehuala.tecnm.mx\/index.php?rest_route=\/wp\/v2\/pages\/505\/revisions\/564"}],"wp:attachment":[{"href":"https:\/\/matehuala.tecnm.mx\/index.php?rest_route=%2Fwp%2Fv2%2Fmedia&parent=505"}],"curies":[{"name":"wp","href":"https:\/\/api.w.org\/{rel}","templated":true}]}}