{"id":693,"date":"2023-08-28T12:06:14","date_gmt":"2023-08-28T18:06:14","guid":{"rendered":"https:\/\/matehuala.tecnm.mx\/?page_id=693"},"modified":"2023-08-28T12:06:14","modified_gmt":"2023-08-28T18:06:14","slug":"b39-2023-titulaciones-agosto-2023-tecnm-campus-matehuala","status":"publish","type":"page","link":"https:\/\/matehuala.tecnm.mx\/?page_id=693","title":{"rendered":"B39-2023 TITULACIONES AGOSTO 2023 TECNM CAMPUS MATEHUALA."},"content":{"rendered":"\n\n\t\t\t\t<img loading=\"lazy\" decoding=\"async\" src=\"https:\/\/matehuala.tecnm.mx\/wp-content\/uploads\/2023\/08\/19.jpg\" alt=\"LZX CAMERA\" itemprop=\"image\" height=\"1152\" width=\"2048\" title=\"LZX CAMERA\" onerror=\"this.style.display='none'\"  \/>\n\t\t\t\t<img loading=\"lazy\" decoding=\"async\" src=\"https:\/\/matehuala.tecnm.mx\/wp-content\/uploads\/2023\/08\/18.jpg\" alt=\"LZX CAMERA\" itemprop=\"image\" height=\"1152\" width=\"2048\" title=\"LZX CAMERA\" onerror=\"this.style.display='none'\"  \/>\n\t\t\t\t<img loading=\"lazy\" decoding=\"async\" src=\"https:\/\/matehuala.tecnm.mx\/wp-content\/uploads\/2023\/08\/17.jpg\" alt=\"17\" itemprop=\"image\" height=\"1365\" width=\"2048\" title=\"17\" onerror=\"this.style.display='none'\"  \/>\n\t\t\t\t<img loading=\"lazy\" decoding=\"async\" src=\"https:\/\/matehuala.tecnm.mx\/wp-content\/uploads\/2023\/08\/16.jpg\" alt=\"16\" itemprop=\"image\" height=\"1365\" width=\"2048\" title=\"16\" onerror=\"this.style.display='none'\"  \/>\n\t\t\t\t<img loading=\"lazy\" decoding=\"async\" src=\"https:\/\/matehuala.tecnm.mx\/wp-content\/uploads\/2023\/08\/15.jpg\" alt=\"15\" itemprop=\"image\" height=\"1365\" width=\"2048\" title=\"15\" onerror=\"this.style.display='none'\"  \/>\n\t\t\t\t<img loading=\"lazy\" decoding=\"async\" src=\"https:\/\/matehuala.tecnm.mx\/wp-content\/uploads\/2023\/08\/14.jpg\" alt=\"LZX CAMERA\" itemprop=\"image\" height=\"1152\" width=\"2048\" title=\"LZX CAMERA\" onerror=\"this.style.display='none'\"  \/>\n\t<p>25 de Agosto<\/p>\n<p>BOLET\u00cdN 39-2023 TITULACIONES AGOSTO 2023 TECNM CAMPUS MATEHUALA.<\/p>\n<p>En las instalaciones que ocupa la Sala de Titulaci\u00f3n del Campus Matehuala del Tecnol\u00f3gico Nacional de M\u00e9xico (TecNM), se llev\u00f3 a cabo con gran emoci\u00f3n la Titulaci\u00f3n Integral de treinta y dos &#8220;Chivos&#8221; orgullosamente egresados de las carreras de Ingenier\u00eda en Gesti\u00f3n Empresarial, Contador P\u00fablico, Ingenier\u00eda Civil e Ingenier\u00eda Industrial.<\/p>\n<p>La ceremonia dio inicio con el pase de lista de los sustentantes y autoridades de los programas acad\u00e9micos, seguido de la lectura y firma del juramento de \u00e9tica profesional, estuvieron presentes familiares de los nuevos ingenieros, quienes reflejaban en su rostro gran satisfacci\u00f3n. \u00a1Felicidades y \u00e9xito a l@s nuevos profesionistas!<\/p>\n\n","protected":false},"excerpt":{"rendered":"<p>25 de Agosto BOLET\u00cdN 39-2023 TITULACIONES AGOSTO 2023 TECNM CAMPUS MATEHUALA. En las instalaciones que ocupa la Sala de Titulaci\u00f3n del Campus Matehuala del Tecnol\u00f3gico Nacional de M\u00e9xico (TecNM), se [&hellip;]<\/p>\n","protected":false},"author":6,"featured_media":0,"parent":0,"menu_order":0,"comment_status":"closed","ping_status":"closed","template":"","meta":{"footnotes":""},"class_list":["post-693","page","type-page","status-publish","hentry"],"_links":{"self":[{"href":"https:\/\/matehuala.tecnm.mx\/index.php?rest_route=\/wp\/v2\/pages\/693","targetHints":{"allow":["GET"]}}],"collection":[{"href":"https:\/\/matehuala.tecnm.mx\/index.php?rest_route=\/wp\/v2\/pages"}],"about":[{"href":"https:\/\/matehuala.tecnm.mx\/index.php?rest_route=\/wp\/v2\/types\/page"}],"author":[{"embeddable":true,"href":"https:\/\/matehuala.tecnm.mx\/index.php?rest_route=\/wp\/v2\/users\/6"}],"replies":[{"embeddable":true,"href":"https:\/\/matehuala.tecnm.mx\/index.php?rest_route=%2Fwp%2Fv2%2Fcomments&post=693"}],"version-history":[{"count":2,"href":"https:\/\/matehuala.tecnm.mx\/index.php?rest_route=\/wp\/v2\/pages\/693\/revisions"}],"predecessor-version":[{"id":696,"href":"https:\/\/matehuala.tecnm.mx\/index.php?rest_route=\/wp\/v2\/pages\/693\/revisions\/696"}],"wp:attachment":[{"href":"https:\/\/matehuala.tecnm.mx\/index.php?rest_route=%2Fwp%2Fv2%2Fmedia&parent=693"}],"curies":[{"name":"wp","href":"https:\/\/api.w.org\/{rel}","templated":true}]}}