{"id":730,"date":"2023-09-08T15:58:09","date_gmt":"2023-09-08T21:58:09","guid":{"rendered":"https:\/\/matehuala.tecnm.mx\/?page_id=730"},"modified":"2023-09-08T15:58:09","modified_gmt":"2023-09-08T21:58:09","slug":"b40-2023-iniciativa-100-libre-de-plastico-de-un-solo-uso","status":"publish","type":"page","link":"https:\/\/matehuala.tecnm.mx\/?page_id=730","title":{"rendered":"B40-2023 INICIATIVA 100% LIBRE DE PL\u00c1STICO DE UN SOLO USO"},"content":{"rendered":"\n\n\t\t\t\t<img loading=\"lazy\" decoding=\"async\" src=\"https:\/\/matehuala.tecnm.mx\/wp-content\/uploads\/2023\/09\/20.jpg\" alt=\"20\" itemprop=\"image\" height=\"1365\" width=\"2048\" title=\"20\" onerror=\"this.style.display='none'\"  \/>\n\t\t\t\t<img loading=\"lazy\" decoding=\"async\" src=\"https:\/\/matehuala.tecnm.mx\/wp-content\/uploads\/2023\/09\/22.jpg\" alt=\"22\" itemprop=\"image\" height=\"1424\" width=\"2048\" title=\"22\" onerror=\"this.style.display='none'\"  \/>\n\t\t\t\t<img loading=\"lazy\" decoding=\"async\" src=\"https:\/\/matehuala.tecnm.mx\/wp-content\/uploads\/2023\/09\/21.jpg\" alt=\"21\" itemprop=\"image\" height=\"1365\" width=\"2048\" title=\"21\" onerror=\"this.style.display='none'\"  \/>\n\t\t\t\t<img loading=\"lazy\" decoding=\"async\" src=\"https:\/\/matehuala.tecnm.mx\/wp-content\/uploads\/2023\/09\/23.jpg\" alt=\"23\" itemprop=\"image\" height=\"1365\" width=\"2048\" title=\"23\" onerror=\"this.style.display='none'\"  \/>\n\t\t\t\t<img loading=\"lazy\" decoding=\"async\" src=\"https:\/\/matehuala.tecnm.mx\/wp-content\/uploads\/2023\/09\/24.jpg\" alt=\"24\" itemprop=\"image\" height=\"711\" width=\"1264\" title=\"24\" onerror=\"this.style.display='none'\"  \/>\n\t<p>B40-2023 FIRMA DE LA DECLARACI\u00d3N DE COMPROMISO POR PARTE DEL CONCESIONARIO DEL SERVICIO DE ALIMENTOS, CON LA INICIATIVA 100% LIBRE DE PL\u00c1STICO DE UN SOLO USO.<\/p>\n<p>Atendiendo los t\u00e9rminos de la convocatoria de la iniciativa &#8220;TecNM:100% libre de pl\u00e1stico de un solo uso&#8221;, y en apoyo al acuerdo global logrado en la cuarta asamblea de las Naciones Unidas para el Medio Ambiente 2019, el Tecnol\u00f3gico Nacional de M\u00e9xico Campus Matehuala se adiciona al prop\u00f3sito de crear conciencia entre nuestra comunidad, sobre la importancia de disminuir el deterioro de nuestro planeta mediante el cambio de h\u00e1bitos para reducir la utilizaci\u00f3n de pl\u00e1sticos.<\/p>\n<p>Con ese motivo, el Concesionario del servicio de cafeter\u00eda dentro de las instalaciones del TecNM\/Campus Matehuala, se comprometi\u00f3 mediante la firma de la Declaraci\u00f3n de compromiso, a cumplir con las acciones que contribuyan al logro de la siguiente variable: Eliminaci\u00f3n de Compra y venta de Productos con contenido Pl\u00e1stico de un solo uso.<\/p>\n<p>Por lo que a partir del pr\u00f3ximo 18 de septiembre ya no se expender\u00e1n bebidas embotelladas en material de pl\u00e1stico de un solo uso, al interior de la instituci\u00f3n.<\/p>\n<p>Exhortando a todos los integrantes de la comunidad tecnol\u00f3gica a que usen sus propios envases para el consumo de agua.<\/p>\n\n","protected":false},"excerpt":{"rendered":"<p>B40-2023 FIRMA DE LA DECLARACI\u00d3N DE COMPROMISO POR PARTE DEL CONCESIONARIO DEL SERVICIO DE ALIMENTOS, CON LA INICIATIVA 100% LIBRE DE PL\u00c1STICO DE UN SOLO USO. Atendiendo los t\u00e9rminos de [&hellip;]<\/p>\n","protected":false},"author":6,"featured_media":0,"parent":0,"menu_order":0,"comment_status":"closed","ping_status":"closed","template":"","meta":{"footnotes":""},"class_list":["post-730","page","type-page","status-publish","hentry"],"_links":{"self":[{"href":"https:\/\/matehuala.tecnm.mx\/index.php?rest_route=\/wp\/v2\/pages\/730","targetHints":{"allow":["GET"]}}],"collection":[{"href":"https:\/\/matehuala.tecnm.mx\/index.php?rest_route=\/wp\/v2\/pages"}],"about":[{"href":"https:\/\/matehuala.tecnm.mx\/index.php?rest_route=\/wp\/v2\/types\/page"}],"author":[{"embeddable":true,"href":"https:\/\/matehuala.tecnm.mx\/index.php?rest_route=\/wp\/v2\/users\/6"}],"replies":[{"embeddable":true,"href":"https:\/\/matehuala.tecnm.mx\/index.php?rest_route=%2Fwp%2Fv2%2Fcomments&post=730"}],"version-history":[{"count":2,"href":"https:\/\/matehuala.tecnm.mx\/index.php?rest_route=\/wp\/v2\/pages\/730\/revisions"}],"predecessor-version":[{"id":741,"href":"https:\/\/matehuala.tecnm.mx\/index.php?rest_route=\/wp\/v2\/pages\/730\/revisions\/741"}],"wp:attachment":[{"href":"https:\/\/matehuala.tecnm.mx\/index.php?rest_route=%2Fwp%2Fv2%2Fmedia&parent=730"}],"curies":[{"name":"wp","href":"https:\/\/api.w.org\/{rel}","templated":true}]}}