{"id":840,"date":"2023-09-28T10:59:58","date_gmt":"2023-09-28T16:59:58","guid":{"rendered":"https:\/\/matehuala.tecnm.mx\/?page_id=840"},"modified":"2023-09-28T10:59:58","modified_gmt":"2023-09-28T16:59:58","slug":"b44-2023-jornada-academica-preparatoria-al-enecb-2023","status":"publish","type":"page","link":"https:\/\/matehuala.tecnm.mx\/?page_id=840","title":{"rendered":"B44-2023 JORNADA ACAD\u00c9MICA PREPARATORIA AL ENECB 2023"},"content":{"rendered":"\n\n\t\t\t\t<img loading=\"lazy\" decoding=\"async\" src=\"https:\/\/matehuala.tecnm.mx\/wp-content\/uploads\/2023\/09\/56.jpg\" alt=\"56\" itemprop=\"image\" height=\"1365\" width=\"2048\" title=\"56\" onerror=\"this.style.display='none'\"  \/>\n\t\t\t\t<img loading=\"lazy\" decoding=\"async\" src=\"https:\/\/matehuala.tecnm.mx\/wp-content\/uploads\/2023\/09\/58.jpg\" alt=\"58\" itemprop=\"image\" height=\"1365\" width=\"2048\" title=\"58\" onerror=\"this.style.display='none'\"  \/>\n\t\t\t\t<img loading=\"lazy\" decoding=\"async\" src=\"https:\/\/matehuala.tecnm.mx\/wp-content\/uploads\/2023\/09\/61.jpg\" alt=\"61\" itemprop=\"image\" height=\"1200\" width=\"1600\" title=\"61\" onerror=\"this.style.display='none'\"  \/>\n\t\t\t\t<img loading=\"lazy\" decoding=\"async\" src=\"https:\/\/matehuala.tecnm.mx\/wp-content\/uploads\/2023\/09\/59.jpg\" alt=\"59\" itemprop=\"image\" height=\"1536\" width=\"2048\" title=\"59\" onerror=\"this.style.display='none'\"  \/>\n\t\t\t\t<img loading=\"lazy\" decoding=\"async\" src=\"https:\/\/matehuala.tecnm.mx\/wp-content\/uploads\/2023\/09\/57.jpg\" alt=\"57\" itemprop=\"image\" height=\"1536\" width=\"2048\" title=\"57\" onerror=\"this.style.display='none'\"  \/>\n\t\t\t\t<img loading=\"lazy\" decoding=\"async\" src=\"https:\/\/matehuala.tecnm.mx\/wp-content\/uploads\/2023\/09\/60.jpg\" alt=\"60\" itemprop=\"image\" height=\"1536\" width=\"2048\" title=\"60\" onerror=\"this.style.display='none'\"  \/>\n\t<p>21 de Septiembre BOLET\u00cdN 44-2023 Jornada Acad\u00e9mica Preparatoria al ENECB 2023, TecNM Campus Matehuala.<\/p>\n<p>Dentro de la Jornada Acad\u00e9mica Preparatoria al\u00a0<a tabindex=\"0\" role=\"link\" href=\"https:\/\/www.facebook.com\/hashtag\/enecb?__eep__=6\">#ENECB<\/a>\u00a02023, con gran \u00e9xito se realizaron diversas actividades, encabezadas por nuestro director Dr. Jos\u00e9 Luis Lorenzo Bernal Robledo, Lic. Juan Carlos D\u00edaz de Le\u00f3n, Subdirector Acad\u00e9mico, Ing. Thelma Carrillo L\u00f3pez, Jefa del departamento de Ciencias Econ\u00f3mico-Administrativas, M.A. Jos\u00e9 Octavio Guzm\u00e1n Pe\u00f1aloza, Jefe del departamento de Ciencias B\u00e1sicas, responsables del ENECB 2023, as\u00ed como docentes de las \u00e1reas de Ciencias B\u00e1sicas y Econ\u00f3mico-Administrativo.<\/p>\n<p>En primera instancia se llev\u00f3 a cabo en los laboratorios del Centro de C\u00f3mputo y la Unidad Acad\u00e9mica Departamental, el examen exploratorio sobre conocimientos b\u00e1sicos para la materia de C\u00e1lculo Diferencial (EECoB) Regi\u00f3n 2, presentaron 70 estudi@ntes del primer semestre de la carrera de Ingenier\u00eda Industrial, como parte del proyecto piloto del programa de C\u00e1lculo Diferencial y como una acci\u00f3n para remediar y disminuir el abandono escolar, como estrategia para incrementar la Eficiencia Terminal.<\/p>\n<p>As\u00ed mismo en las instalaciones que ocupa la Sala Audiovisual de la instituci\u00f3n, se llev\u00f3 a cabo la bienvenida y entrega de playeras a los 107 estudi@ntes que obtuvieron los mejores promedio en la aplicaci\u00f3n del examen de selecci\u00f3n para el ENECB 2023, quienes ser\u00e1n los encargados de representar al TecNM Campus Matehuala en el ENECB 2023, Evaluaci\u00f3n 1, a realizarse el 26 de septiembre del 2023, como parte del programa se imparti\u00f3 la conferencia &#8220;La importancia de las Ciencias B\u00e1sicas en la contribuci\u00f3n al perfil de egreso profesional&#8221; a cargo del docente del departamento de Ciencias B\u00e1sicas Juan Ornelas Villegas.<\/p>\n<p>En hora buena y les deseamos mucho \u00e9xito a todos nuestros estudi@ntes, en la siguiente etapa.<\/p>\n<p>Para finalizar con la Jornada Acad\u00e9mica se convoco a toda la Comunidad Estudiantil del TecNM Campus Matehuala a las instalaciones que ocupa el Gimnasio Auditorio, donde se realiz\u00f3 la Conferencia Magistral denominada &#8220;El poder de las matem\u00e1ticas a trav\u00e9s de la historia&#8221; contando como invitada especial y ponente, la Ingenier\u00eda en Mecatr\u00f3nica de la Facultad de Ingenier\u00eda (FI) de la UNAM y creadora del canal de YouTube Pasos por Ingenier\u00eda, proyecto educativo de contenido multimedia para estudiantes del \u00e1rea F\u00edsico-Matem\u00e1tica, Marisol Maldonado Olmos.<\/p>\n<p>Sin duda alguna un d\u00eda de mucha actividad y conocimiento adquirido por nuestros estudiantes.<\/p>\n\n","protected":false},"excerpt":{"rendered":"<p>21 de Septiembre BOLET\u00cdN 44-2023 Jornada Acad\u00e9mica Preparatoria al ENECB 2023, TecNM Campus Matehuala. Dentro de la Jornada Acad\u00e9mica Preparatoria al\u00a0#ENECB\u00a02023, con gran \u00e9xito se realizaron diversas actividades, encabezadas por [&hellip;]<\/p>\n","protected":false},"author":6,"featured_media":0,"parent":0,"menu_order":0,"comment_status":"closed","ping_status":"closed","template":"","meta":{"footnotes":""},"class_list":["post-840","page","type-page","status-publish","hentry"],"_links":{"self":[{"href":"https:\/\/matehuala.tecnm.mx\/index.php?rest_route=\/wp\/v2\/pages\/840","targetHints":{"allow":["GET"]}}],"collection":[{"href":"https:\/\/matehuala.tecnm.mx\/index.php?rest_route=\/wp\/v2\/pages"}],"about":[{"href":"https:\/\/matehuala.tecnm.mx\/index.php?rest_route=\/wp\/v2\/types\/page"}],"author":[{"embeddable":true,"href":"https:\/\/matehuala.tecnm.mx\/index.php?rest_route=\/wp\/v2\/users\/6"}],"replies":[{"embeddable":true,"href":"https:\/\/matehuala.tecnm.mx\/index.php?rest_route=%2Fwp%2Fv2%2Fcomments&post=840"}],"version-history":[{"count":2,"href":"https:\/\/matehuala.tecnm.mx\/index.php?rest_route=\/wp\/v2\/pages\/840\/revisions"}],"predecessor-version":[{"id":842,"href":"https:\/\/matehuala.tecnm.mx\/index.php?rest_route=\/wp\/v2\/pages\/840\/revisions\/842"}],"wp:attachment":[{"href":"https:\/\/matehuala.tecnm.mx\/index.php?rest_route=%2Fwp%2Fv2%2Fmedia&parent=840"}],"curies":[{"name":"wp","href":"https:\/\/api.w.org\/{rel}","templated":true}]}}