{"id":988,"date":"2023-10-19T11:30:42","date_gmt":"2023-10-19T17:30:42","guid":{"rendered":"https:\/\/matehuala.tecnm.mx\/?page_id=988"},"modified":"2023-10-19T11:30:42","modified_gmt":"2023-10-19T17:30:42","slug":"b55-2023-dia-4-5a-edicion-de-la-semana-de-ciencia-y-tecnologia","status":"publish","type":"page","link":"https:\/\/matehuala.tecnm.mx\/?page_id=988","title":{"rendered":"B55-2023 D\u00eda 4 5\u00aa Edici\u00f3n de la Semana de Ciencia y Tecnolog\u00eda"},"content":{"rendered":"\n\n\t\t\t\t<img loading=\"lazy\" decoding=\"async\" src=\"https:\/\/matehuala.tecnm.mx\/wp-content\/uploads\/2023\/10\/Copia-de-PHOTO-2023-10-05-18-28-03-2.jpg\" alt=\"Copia de PHOTO-2023-10-05-18-28-03 2\" itemprop=\"image\" height=\"1200\" width=\"1600\" title=\"Copia de PHOTO-2023-10-05-18-28-03 2\" onerror=\"this.style.display='none'\"  \/>\n\t\t\t\t<img loading=\"lazy\" decoding=\"async\" src=\"https:\/\/matehuala.tecnm.mx\/wp-content\/uploads\/2023\/10\/Copia-de-PHOTO-2023-10-05-18-28-02-3.jpg\" alt=\"Copia de PHOTO-2023-10-05-18-28-02 3\" itemprop=\"image\" height=\"1200\" width=\"1600\" title=\"Copia de PHOTO-2023-10-05-18-28-02 3\" onerror=\"this.style.display='none'\"  \/>\n\t\t\t\t<img loading=\"lazy\" decoding=\"async\" src=\"https:\/\/matehuala.tecnm.mx\/wp-content\/uploads\/2023\/10\/Captura-de-Pantalla-2023-10-19-a-las-11.25.11-a.m.jpg\" alt=\"Captura de Pantalla 2023-10-19 a la(s) 11.25.11 a.m.\" itemprop=\"image\" height=\"854\" width=\"1318\" title=\"Captura de Pantalla 2023-10-19 a la(s) 11.25.11 a.m.\" onerror=\"this.style.display='none'\"  \/>\n\t\t\t\t<img loading=\"lazy\" decoding=\"async\" src=\"https:\/\/matehuala.tecnm.mx\/wp-content\/uploads\/2023\/10\/Captura-de-Pantalla-2023-10-19-a-las-11.27.07-a.m.jpg\" alt=\"Captura de Pantalla 2023-10-19 a la(s) 11.27.07 a.m.\" itemprop=\"image\" height=\"602\" width=\"806\" title=\"Captura de Pantalla 2023-10-19 a la(s) 11.27.07 a.m.\" onerror=\"this.style.display='none'\"  \/>\n\t\t\t\t<img loading=\"lazy\" decoding=\"async\" src=\"https:\/\/matehuala.tecnm.mx\/wp-content\/uploads\/2023\/10\/PHOTO-2023-10-05-18-26-28-2.jpg\" alt=\"PHOTO-2023-10-05-18-26-28 2\" itemprop=\"image\" height=\"1200\" width=\"1600\" title=\"PHOTO-2023-10-05-18-26-28 2\" onerror=\"this.style.display='none'\"  \/>\n\t<p>05 de Octubre BOLET\u00cdN 55-2023, D\u00eda 4 5\u00aa Edici\u00f3n de la Semana Estatal de Ciencia y Tecnolog\u00eda 2023.<\/p>\n<p>El d\u00eda de hoy fue un honor recibir en nuestro plantel la visita de estudi@ntes de nivel b\u00e1sico, Jard\u00edn de Ni\u00f1os Sor Juana In\u00e9s de la Cruz, Jard\u00edn de Ni\u00f1os Colegio Real del Fraile, Jard\u00edn de Ni\u00f1os Colegio del Altiplano Potosino, Jard\u00edn de Ni\u00f1os Ignacio Aldama y Escuela Secundaria Flavio C. Sifuentes, se realiz\u00f3 el recorrido por las diferentes \u00e1reas demostrativas alusivas a la 5\u00aa Edici\u00f3n de la Semana Estatal de Ciencia y Tecnolog\u00eda (SECyT) 2023.<\/p>\n<p><a tabindex=\"0\" role=\"link\" href=\"https:\/\/www.facebook.com\/hashtag\/todossomostecnm?__eep__=6\">#TodosSomosTecNM<\/a><\/p>\n\n","protected":false},"excerpt":{"rendered":"<p>05 de Octubre BOLET\u00cdN 55-2023, D\u00eda 4 5\u00aa Edici\u00f3n de la Semana Estatal de Ciencia y Tecnolog\u00eda 2023. El d\u00eda de hoy fue un honor recibir en nuestro plantel la [&hellip;]<\/p>\n","protected":false},"author":4,"featured_media":0,"parent":0,"menu_order":0,"comment_status":"closed","ping_status":"closed","template":"","meta":{"footnotes":""},"class_list":["post-988","page","type-page","status-publish","hentry"],"_links":{"self":[{"href":"https:\/\/matehuala.tecnm.mx\/index.php?rest_route=\/wp\/v2\/pages\/988","targetHints":{"allow":["GET"]}}],"collection":[{"href":"https:\/\/matehuala.tecnm.mx\/index.php?rest_route=\/wp\/v2\/pages"}],"about":[{"href":"https:\/\/matehuala.tecnm.mx\/index.php?rest_route=\/wp\/v2\/types\/page"}],"author":[{"embeddable":true,"href":"https:\/\/matehuala.tecnm.mx\/index.php?rest_route=\/wp\/v2\/users\/4"}],"replies":[{"embeddable":true,"href":"https:\/\/matehuala.tecnm.mx\/index.php?rest_route=%2Fwp%2Fv2%2Fcomments&post=988"}],"version-history":[{"count":2,"href":"https:\/\/matehuala.tecnm.mx\/index.php?rest_route=\/wp\/v2\/pages\/988\/revisions"}],"predecessor-version":[{"id":1002,"href":"https:\/\/matehuala.tecnm.mx\/index.php?rest_route=\/wp\/v2\/pages\/988\/revisions\/1002"}],"wp:attachment":[{"href":"https:\/\/matehuala.tecnm.mx\/index.php?rest_route=%2Fwp%2Fv2%2Fmedia&parent=988"}],"curies":[{"name":"wp","href":"https:\/\/api.w.org\/{rel}","templated":true}]}}